{"id":1156,"date":"2020-08-24T08:12:53","date_gmt":"2020-08-24T08:12:53","guid":{"rendered":"https:\/\/resilient-health.ca\/expositions-toxiques\/sol\/"},"modified":"2020-09-21T01:39:39","modified_gmt":"2020-09-21T01:39:39","slug":"sol","status":"publish","type":"page","link":"https:\/\/resilient-health.ca\/fr\/expositions-toxiques\/sol\/","title":{"rendered":"Sol"},"content":{"rendered":"<p>[et_pb_section fb_built=\u00a0\u00bb1&Prime; _builder_version=\u00a0\u00bb4.5.1&Prime; _module_preset=\u00a0\u00bbdefault\u00a0\u00bb custom_margin=\u00a0\u00bb||||true|false\u00a0\u00bb custom_padding=\u00a0\u00bb75px||75px||true|false\u00a0\u00bb][et_pb_row _builder_version=\u00a0\u00bb4.5.1&Prime; _module_preset=\u00a0\u00bbdefault\u00a0\u00bb width=\u00a0\u00bb60%\u00a0\u00bb][et_pb_column type=\u00a0\u00bb4_4&Prime; _builder_version=\u00a0\u00bb4.5.1&Prime; _module_preset=\u00a0\u00bbdefault\u00a0\u00bb][et_pb_text _builder_version=\u00a0\u00bb4.5.1&Prime; _module_preset=\u00a0\u00bbdefault\u00a0\u00bb text_font=\u00a0\u00bb||||||||\u00a0\u00bb text_font_size=\u00a0\u00bb55px\u00a0\u00bb text_line_height=\u00a0\u00bb1.2em\u00a0\u00bb header_text_color=\u00a0\u00bb#7cda24&Prime; header_font_size=\u00a0\u00bb19px\u00a0\u00bb text_orientation=\u00a0\u00bbcenter\u00a0\u00bb]<\/p>\n<h1 class=\"p1\">EXPOSITIONS TOXIQUES<\/h1>\n<p class=\"p2\">Sol.<\/p>\n<p>[\/et_pb_text][et_pb_divider color=\u00a0\u00bb#7cda24&Prime; divider_weight=\u00a0\u00bb5px\u00a0\u00bb _builder_version=\u00a0\u00bb4.5.1&Prime; _module_preset=\u00a0\u00bbdefault\u00a0\u00bb width=\u00a0\u00bb12%\u00a0\u00bb module_alignment=\u00a0\u00bbcenter\u00a0\u00bb custom_margin=\u00a0\u00bb5px||5px||true|false\u00a0\u00bb][\/et_pb_divider][\/et_pb_column][\/et_pb_row][\/et_pb_section][et_pb_section fb_built=\u00a0\u00bb1&Prime; _builder_version=\u00a0\u00bb4.5.4&Prime; _module_preset=\u00a0\u00bbdefault\u00a0\u00bb background_color=\u00a0\u00bb#0c71c3&Prime; background_enable_image=\u00a0\u00bboff\u00a0\u00bb background_last_edited=\u00a0\u00bbon|phone\u00a0\u00bb background_enable_image_phone=\u00a0\u00bboff\u00a0\u00bb][et_pb_row _builder_version=\u00a0\u00bb4.5.4&Prime; _module_preset=\u00a0\u00bbdefault\u00a0\u00bb width=\u00a0\u00bb69%\u00a0\u00bb width_tablet=\u00a0\u00bb\u00a0\u00bb width_phone=\u00a0\u00bb95%\u00a0\u00bb width_last_edited=\u00a0\u00bbon|phone\u00a0\u00bb][et_pb_column type=\u00a0\u00bb4_4&Prime; _builder_version=\u00a0\u00bb4.5.1&Prime; _module_preset=\u00a0\u00bbdefault\u00a0\u00bb][et_pb_text _builder_version=\u00a0\u00bb4.5.1&Prime; _module_preset=\u00a0\u00bbdefault\u00a0\u00bb text_text_color=\u00a0\u00bb#ffffff\u00a0\u00bb text_font_size=\u00a0\u00bb20px\u00a0\u00bb text_line_height=\u00a0\u00bb1.6em\u00a0\u00bb text_orientation=\u00a0\u00bbcenter\u00a0\u00bb custom_padding=\u00a0\u00bb25px|25px|25px|25px|true|true\u00a0\u00bb]Certains m\u00e9taux toxiques peuvent se trouver naturellement dans le sol, et des produits chimiques peuvent s\u2019y infiltrer \u00e0 la suite de fuites ou de d\u00e9versements ou d\u2019activit\u00e9s comme la pulv\u00e9risation de pesticides. Les produits chimiques pr\u00e9sents dans le sol peuvent p\u00e9n\u00e9trer dans votre corps par la bouche, le nez ou la peau. Les produits chimiques pr\u00e9sents dans le sol peuvent \u00e9galement s\u2019infiltrer dans l\u2019eau, la poussi\u00e8re et les aliments.[\/et_pb_text][\/et_pb_column][\/et_pb_row][\/et_pb_section][et_pb_section fb_built=\u00a0\u00bb1&Prime; _builder_version=\u00a0\u00bb4.5.4&Prime; _module_preset=\u00a0\u00bbdefault\u00a0\u00bb background_image=\u00a0\u00bbhttps:\/\/resilient-health.ca\/wp-content\/uploads\/2020\/07\/resilienthealth_soil.jpg\u00a0\u00bb parallax=\u00a0\u00bbon\u00a0\u00bb height=\u00a0\u00bb350px\u00a0\u00bb][\/et_pb_section][et_pb_section fb_built=\u00a0\u00bb1&Prime; _builder_version=\u00a0\u00bb4.5.1&Prime; _module_preset=\u00a0\u00bbdefault\u00a0\u00bb background_enable_color=\u00a0\u00bboff\u00a0\u00bb custom_margin=\u00a0\u00bb||||false|false\u00a0\u00bb custom_padding=\u00a0\u00bb75px||75px||false|false\u00a0\u00bb][et_pb_row _builder_version=\u00a0\u00bb4.5.1&Prime; _module_preset=\u00a0\u00bbdefault\u00a0\u00bb hover_enabled=\u00a0\u00bb0&Prime;][et_pb_column type=\u00a0\u00bb4_4&Prime; _builder_version=\u00a0\u00bb4.5.1&Prime; _module_preset=\u00a0\u00bbdefault\u00a0\u00bb][et_pb_text _builder_version=\u00a0\u00bb4.5.4&Prime; _module_preset=\u00a0\u00bbdefault\u00a0\u00bb text_font=\u00a0\u00bb|600|||||||\u00a0\u00bb text_text_color=\u00a0\u00bb#3a4246&Prime; text_font_size=\u00a0\u00bb55px\u00a0\u00bb text_line_height=\u00a0\u00bb1.1em\u00a0\u00bb header_font=\u00a0\u00bb||||||||\u00a0\u00bb header_text_align=\u00a0\u00bbcenter\u00a0\u00bb header_text_color=\u00a0\u00bb#7cda24&Prime; header_font_size=\u00a0\u00bb43px\u00a0\u00bb header_line_height=\u00a0\u00bb1.5em\u00a0\u00bb text_orientation=\u00a0\u00bbcenter\u00a0\u00bb width=\u00a0\u00bb79%\u00a0\u00bb custom_margin=\u00a0\u00bb||19px||false|false\u00a0\u00bb hover_enabled=\u00a0\u00bb0&Prime; custom_css_main_element=\u00a0\u00bbletter-spacing: -2px;||margin-left: auto;||margin-right: auto;\u00a0\u00bb text_font_size_last_edited=\u00a0\u00bbon|phone\u00a0\u00bb text_font_size_phone=\u00a0\u00bb52px\u00a0\u00bb]Quelques-uns des produits chimiques courants dans le sol\u00a0:[\/et_pb_text][\/et_pb_column][\/et_pb_row][et_pb_row column_structure=\u00a0\u00bb1_2,1_2&Prime; _builder_version=\u00a0\u00bb4.5.4&Prime; _module_preset=\u00a0\u00bbdefault\u00a0\u00bb width=\u00a0\u00bb69%\u00a0\u00bb width_tablet=\u00a0\u00bb\u00a0\u00bb width_phone=\u00a0\u00bb85%\u00a0\u00bb width_last_edited=\u00a0\u00bbon|phone\u00a0\u00bb][et_pb_column type=\u00a0\u00bb1_2&Prime; _builder_version=\u00a0\u00bb4.5.1&Prime; _module_preset=\u00a0\u00bbdefault\u00a0\u00bb][et_pb_text _builder_version=\u00a0\u00bb4.5.1&Prime; _module_preset=\u00a0\u00bbdefault\u00a0\u00bb text_font_size=\u00a0\u00bb20px\u00a0\u00bb text_line_height=\u00a0\u00bb1.6em\u00a0\u00bb header_3_text_color=\u00a0\u00bb#7cda24&Prime;]<\/p>\n<h3><b><span data-contrast=\"none\">Pesticides <\/span><\/b><span data-contrast=\"none\">:<\/span><\/h3>\n<p>Les pesticides sont con\u00e7us pour \u00eatre toxiques et ont \u00e9t\u00e9 associ\u00e9s \u00e0 des effets sur la sant\u00e9 humaine, notamment le cancer, et \u00e0 des effets n\u00e9gatifs sur les syst\u00e8mes reproductif, immunitaire et nerveux. Certains pesticides sont tr\u00e8s persistants dans l\u2019environnement et peuvent \u00eatre mesur\u00e9s dans le sol de nombreuses ann\u00e9es apr\u00e8s leur utilisation (ou leur interdiction). Les pesticides appliqu\u00e9s sur votre propri\u00e9t\u00e9, par exemple pour \u00e9liminer les mauvaises herbes sur votre pelouse ou dans votre jardin, peuvent \u00eatre nocifs pour les adultes, les enfants et les animaux domestiques. Les pesticides pulv\u00e9ris\u00e9s dans les exploitations agricoles ou foresti\u00e8res peuvent se d\u00e9placer avec le vent et affecter les sols avoisinants. Les sols secs charg\u00e9s de pesticides peuvent \u00eatre d\u00e9plac\u00e9s par le vent sous forme de poussi\u00e8re.<\/p>\n<p>Les pesticides sont soigneusement test\u00e9s et surveill\u00e9s au Canada et sont jug\u00e9s s\u00fbrs par le gouvernement s\u2019ils sont utilis\u00e9s conform\u00e9ment au mode d\u2019emploi figurant sur l\u2019\u00e9tiquette. Cependant, les proc\u00e9dures gouvernementales actuelles ne consid\u00e8rent que l\u2019exposition d\u2019une personne \u00e0 un seul produit chimique et ne peuvent pas tenir compte d\u2019un m\u00e9lange d\u2019expositions. En outre, les populations sensibles, telles que celles qui vivent avec des probl\u00e8mes de sant\u00e9 ou des sensibilit\u00e9s aux produits chimiques, pourraient ne pas \u00eatre suffisamment prot\u00e9g\u00e9es par la proc\u00e9dure actuellement utilis\u00e9e pour d\u00e9terminer si un pesticide est s\u00fbr.<\/p>\n<p>&nbsp;[\/et_pb_text][\/et_pb_column][et_pb_column type=\u00a0\u00bb1_2&Prime; _builder_version=\u00a0\u00bb4.5.1&Prime; _module_preset=\u00a0\u00bbdefault\u00a0\u00bb][et_pb_text _builder_version=\u00a0\u00bb4.5.1&Prime; _module_preset=\u00a0\u00bbdefault\u00a0\u00bb text_font_size=\u00a0\u00bb20px\u00a0\u00bb text_line_height=\u00a0\u00bb1.6em\u00a0\u00bb header_3_text_color=\u00a0\u00bb#7cda24&Prime;]<\/p>\n<h3><b><span data-contrast=\"none\">Plomb <\/span><\/b><span data-contrast=\"none\">: <\/span><\/h3>\n<p>Avant les ann\u00e9es\u00a01970, le plomb \u00e9tait utilis\u00e9 dans la peinture pour la rendre plus durable et dans l\u2019essence pour \u00e9viter les cognements du moteur. Le plomb est \u00e9galement pr\u00e9sent \u00e0 l\u2019\u00e9tat naturel dans le sol de certaines r\u00e9gions du Canada. Le plomb est extr\u00eamement persistant dans l\u2019environnement et s\u2019accumule dans le corps humain. Les expositions tout au long de la vie s\u2019accumulent et peuvent provoquer de l\u2019an\u00e9mie ainsi que des dommages aux reins, au cerveau et au syst\u00e8me nerveux central. L\u2019exposition au plomb peut provoquer des fausses couches, des cas de mortinatalit\u00e9 et des cas de st\u00e9rilit\u00e9 (chez les hommes et les femmes). Les b\u00e9b\u00e9s et les jeunes enfants sont particuli\u00e8rement vuln\u00e9rables aux effets intellectuels et comportementaux de l\u2019exposition au plomb. Les f\u0153tus in utero sont expos\u00e9s au plomb pr\u00e9sent dans le sang de la m\u00e8re, qui s\u2019est accumul\u00e9 tout au long de sa vie.[\/et_pb_text][\/et_pb_column][\/et_pb_row][\/et_pb_section][et_pb_section fb_built=\u00a0\u00bb1&Prime; _builder_version=\u00a0\u00bb4.5.1&Prime; _module_preset=\u00a0\u00bbdefault\u00a0\u00bb background_color=\u00a0\u00bb#81c1e3&Prime; custom_padding=\u00a0\u00bb75px||75px||false|false\u00a0\u00bb][et_pb_row _builder_version=\u00a0\u00bb4.5.1&Prime; _module_preset=\u00a0\u00bbdefault\u00a0\u00bb][et_pb_column type=\u00a0\u00bb4_4&Prime; _builder_version=\u00a0\u00bb4.5.1&Prime; _module_preset=\u00a0\u00bbdefault\u00a0\u00bb][et_pb_text _builder_version=\u00a0\u00bb4.5.4&Prime; _module_preset=\u00a0\u00bbdefault\u00a0\u00bb header_font=\u00a0\u00bb|600||on|||||\u00a0\u00bb header_text_align=\u00a0\u00bbcenter\u00a0\u00bb header_text_color=\u00a0\u00bb#ffffff\u00a0\u00bb header_font_size=\u00a0\u00bb20px\u00a0\u00bb width=\u00a0\u00bb30%\u00a0\u00bb width_tablet=\u00a0\u00bb\u00a0\u00bb width_phone=\u00a0\u00bb90%\u00a0\u00bb width_last_edited=\u00a0\u00bbon|phone\u00a0\u00bb module_alignment=\u00a0\u00bbcenter\u00a0\u00bb custom_css_main_element=\u00a0\u00bbborder: 2px #fff solid;||height: 10%;||margin-right:auto;||margin-left: auto;||padding: 10px 20px 1px 20px;||margin-bottom: 2%;\u00a0\u00bb]<\/p>\n<h1 style=\"text-align: center;\">Ce que vous pouvez faire<\/h1>\n<p>[\/et_pb_text][\/et_pb_column][\/et_pb_row][et_pb_row column_structure=\u00a0\u00bb1_2,1_2&Prime; _builder_version=\u00a0\u00bb4.5.1&Prime; _module_preset=\u00a0\u00bbdefault\u00a0\u00bb width=\u00a0\u00bb69%\u00a0\u00bb width_tablet=\u00a0\u00bb\u00a0\u00bb width_phone=\u00a0\u00bb80%\u00a0\u00bb width_last_edited=\u00a0\u00bbon|phone\u00a0\u00bb][et_pb_column type=\u00a0\u00bb1_2&Prime; _builder_version=\u00a0\u00bb4.5.1&Prime; _module_preset=\u00a0\u00bbdefault\u00a0\u00bb][et_pb_text module_class=\u00a0\u00bbpa-bullet-list-1&Prime; _builder_version=\u00a0\u00bb4.5.1&Prime; _module_preset=\u00a0\u00bbdefault\u00a0\u00bb text_text_color=\u00a0\u00bb#ffffff\u00a0\u00bb text_font_size=\u00a0\u00bb20px\u00a0\u00bb text_line_height=\u00a0\u00bb1.6em\u00a0\u00bb custom_margin=\u00a0\u00bb||-5px||false|false\u00a0\u00bb]<\/p>\n<ul>\n<li>Lavez-vous souvent les mains, surtout avant de manger.<\/li>\n<\/ul>\n<p>[\/et_pb_text][et_pb_text module_class=\u00a0\u00bbpa-bullet-list-1&Prime; _builder_version=\u00a0\u00bb4.5.1&Prime; _module_preset=\u00a0\u00bbdefault\u00a0\u00bb text_text_color=\u00a0\u00bb#ffffff\u00a0\u00bb text_font_size=\u00a0\u00bb20px\u00a0\u00bb text_line_height=\u00a0\u00bb1.6em\u00a0\u00bb custom_margin=\u00a0\u00bb||-5px||false|false\u00a0\u00bb]<\/p>\n<ul>\n<li>Enlevez vos chaussures \u00e0 la porte pour \u00e9viter de tra\u00eener de la terre dans votre maison.<\/li>\n<\/ul>\n<p>[\/et_pb_text][\/et_pb_column][et_pb_column type=\u00a0\u00bb1_2&Prime; _builder_version=\u00a0\u00bb4.5.1&Prime; _module_preset=\u00a0\u00bbdefault\u00a0\u00bb][et_pb_text module_class=\u00a0\u00bbpa-bullet-list-1&Prime; _builder_version=\u00a0\u00bb4.5.1&Prime; _module_preset=\u00a0\u00bbdefault\u00a0\u00bb text_text_color=\u00a0\u00bb#ffffff\u00a0\u00bb text_font_size=\u00a0\u00bb20px\u00a0\u00bb text_line_height=\u00a0\u00bb1.6em\u00a0\u00bb custom_margin=\u00a0\u00bb||-5px||false|false\u00a0\u00bb]<\/p>\n<ul>\n<li>N\u2019utilisez pas de pesticides sur votre pelouse ou dans votre jardin.<\/li>\n<\/ul>\n<p>[\/et_pb_text][et_pb_text module_class=\u00a0\u00bbpa-bullet-list-1&Prime; _builder_version=\u00a0\u00bb4.5.1&Prime; _module_preset=\u00a0\u00bbdefault\u00a0\u00bb text_text_color=\u00a0\u00bb#ffffff\u00a0\u00bb text_font_size=\u00a0\u00bb20px\u00a0\u00bb text_line_height=\u00a0\u00bb1.6em\u00a0\u00bb custom_margin=\u00a0\u00bb||-5px||false|false\u00a0\u00bb]<\/p>\n<ul>\n<li>Lors du choix d\u2019une maison, v\u00e9rifiez si des pesticides sont pulv\u00e9ris\u00e9s ou si d\u2019autres expositions industrielles sont pr\u00e9sentes dans la r\u00e9gion.<\/li>\n<\/ul>\n<p>[\/et_pb_text][\/et_pb_column][\/et_pb_row][\/et_pb_section][et_pb_section fb_built=\u00a0\u00bb1&Prime; _builder_version=\u00a0\u00bb4.5.1&Prime; _module_preset=\u00a0\u00bbdefault\u00a0\u00bb background_color=\u00a0\u00bb#f7f7f7&Prime; background_image=\u00a0\u00bb\/wp-content\/uploads\/2020\/07\/nb-nature-14-scaled.jpeg\u00a0\u00bb custom_margin=\u00a0\u00bb||||true|false\u00a0\u00bb custom_padding=\u00a0\u00bb75px||75px||true|false\u00a0\u00bb][et_pb_row column_structure=\u00a0\u00bb1_2,1_2&Prime; _builder_version=\u00a0\u00bb4.5.1&Prime; _module_preset=\u00a0\u00bbdefault\u00a0\u00bb][et_pb_column type=\u00a0\u00bb1_2&Prime; _builder_version=\u00a0\u00bb4.5.1&Prime; _module_preset=\u00a0\u00bbdefault\u00a0\u00bb][et_pb_text _builder_version=\u00a0\u00bb4.5.4&Prime; _module_preset=\u00a0\u00bbdefault\u00a0\u00bb text_text_color=\u00a0\u00bb#ffffff\u00a0\u00bb text_font_size=\u00a0\u00bb18px\u00a0\u00bb header_text_color=\u00a0\u00bb#ffffff\u00a0\u00bb background_color=\u00a0\u00bbrgba(36,36,36,0.9)\u00a0\u00bb custom_padding=\u00a0\u00bb27px|27px|27px|27px|true|true\u00a0\u00bb]<\/p>\n<h1 class=\"p1\">Pour une lecture plus pouss\u00e9e, nous vous sugg\u00e9rons de faire une recherche sur Internet parmi les \u00e9l\u00e9ments suivants :<\/h1>\n<ul>\n<li class=\"p1\">Centers for Disease Control and Prevention (CDC) des \u00c9tats-Unis : Pr\u00e9vention de l\u2019intoxication par le plomb chez les enfants; femmes enceintes<\/li>\n<li class=\"p1\">McKeague et Wolyynetz, 1980. Geoderma, Vol.\u00a024, No\u00a04. Background Levels of minor elements in some Canadian soils.<\/li>\n<li class=\"p1\">Gouvernement du Canada\u00a0: R\u00e8glement sur les produits de consommation contenant du plomb (DORS\/2018-83)<\/li>\n<li class=\"p1\">Gouvernement du Canada\u00a0: Trousse d\u2019information sur le plomb &#8211; Questions couramment pos\u00e9es sur l\u2019effet de l\u2019exposition au plomb sur la sant\u00e9 humaine<\/li>\n<li class=\"p1\">Gouvernement du Canada\u00a0: L\u2019Atlas du Canada &#8211; Les ressources min\u00e9rales et l\u2019activit\u00e9 mini\u00e8re<\/li>\n<li class=\"p1\">Secr\u00e9tariat du Conseil du Tr\u00e9sor du Canada\u00a0: Inventaire des sites contamin\u00e9s f\u00e9d\u00e9raux (contactez votre minist\u00e8re de l\u2019Environnement local pour acc\u00e9der aux informations sur les propri\u00e9t\u00e9s contamin\u00e9es relevant de la juridiction provinciale)<\/li>\n<li class=\"p1\">Site officiel du gouvernement du Qu\u00e9bec\u00a0: Pesticides et risques pour la sant\u00e9<\/li>\n<li class=\"p1\">Environmental Protection Agency des \u00c9tats-Unis : Citizen&rsquo;s Guide to Pest Control and Pesticide Safety<\/li>\n<li class=\"p1\">Publications du National Pesticides Information Center (NPIC)<\/li>\n<li class=\"p1\">Association canadienne des m\u00e9decins pour l\u2019environnement\u00a0: Les pesticides et la sant\u00e9<\/li>\n<\/ul>\n<p>[\/et_pb_text][\/et_pb_column][et_pb_column type=\u00a0\u00bb1_2&Prime; _builder_version=\u00a0\u00bb4.5.1&Prime; _module_preset=\u00a0\u00bbdefault\u00a0\u00bb][\/et_pb_column][\/et_pb_row][\/et_pb_section]<\/p>\n","protected":false},"excerpt":{"rendered":"<p>[et_pb_section fb_built=\u00a0\u00bb1&Prime; _builder_version=\u00a0\u00bb4.5.1&Prime; _module_preset=\u00a0\u00bbdefault\u00a0\u00bb custom_margin=\u00a0\u00bb||||true|false\u00a0\u00bb custom_padding=\u00a0\u00bb75px||75px||true|false\u00a0\u00bb][et_pb_row _builder_version=\u00a0\u00bb4.5.1&Prime; _module_preset=\u00a0\u00bbdefault\u00a0\u00bb width=\u00a0\u00bb60%\u00a0\u00bb][et_pb_column type=\u00a0\u00bb4_4&Prime; _builder_version=\u00a0\u00bb4.5.1&Prime; _module_preset=\u00a0\u00bbdefault\u00a0\u00bb][et_pb_text _builder_version=\u00a0\u00bb4.5.1&Prime; _module_preset=\u00a0\u00bbdefault\u00a0\u00bb text_font=\u00a0\u00bb||||||||\u00a0\u00bb text_font_size=\u00a0\u00bb55px\u00a0\u00bb text_line_height=\u00a0\u00bb1.2em\u00a0\u00bb header_text_color=\u00a0\u00bb#7cda24&Prime; header_font_size=\u00a0\u00bb19px\u00a0\u00bb text_orientation=\u00a0\u00bbcenter\u00a0\u00bb] EXPOSITIONS TOXIQUES Sol. [\/et_pb_text][et_pb_divider color=\u00a0\u00bb#7cda24&Prime; divider_weight=\u00a0\u00bb5px\u00a0\u00bb _builder_version=\u00a0\u00bb4.5.1&Prime; _module_preset=\u00a0\u00bbdefault\u00a0\u00bb width=\u00a0\u00bb12%\u00a0\u00bb module_alignment=\u00a0\u00bbcenter\u00a0\u00bb custom_margin=\u00a0\u00bb5px||5px||true|false\u00a0\u00bb][\/et_pb_divider][\/et_pb_column][\/et_pb_row][\/et_pb_section][et_pb_section fb_built=\u00a0\u00bb1&Prime; _builder_version=\u00a0\u00bb4.5.4&Prime; _module_preset=\u00a0\u00bbdefault\u00a0\u00bb background_color=\u00a0\u00bb#0c71c3&Prime; background_enable_image=\u00a0\u00bboff\u00a0\u00bb background_last_edited=\u00a0\u00bbon|phone\u00a0\u00bb background_enable_image_phone=\u00a0\u00bboff\u00a0\u00bb][et_pb_row _builder_version=\u00a0\u00bb4.5.4&Prime; _module_preset=\u00a0\u00bbdefault\u00a0\u00bb width=\u00a0\u00bb69%\u00a0\u00bb width_tablet=\u00a0\u00bb\u00a0\u00bb width_phone=\u00a0\u00bb95%\u00a0\u00bb width_last_edited=\u00a0\u00bbon|phone\u00a0\u00bb][et_pb_column type=\u00a0\u00bb4_4&Prime; _builder_version=\u00a0\u00bb4.5.1&Prime; _module_preset=\u00a0\u00bbdefault\u00a0\u00bb][et_pb_text _builder_version=\u00a0\u00bb4.5.1&Prime; _module_preset=\u00a0\u00bbdefault\u00a0\u00bb text_text_color=\u00a0\u00bb#ffffff\u00a0\u00bb text_font_size=\u00a0\u00bb20px\u00a0\u00bb text_line_height=\u00a0\u00bb1.6em\u00a0\u00bb text_orientation=\u00a0\u00bbcenter\u00a0\u00bb custom_padding=\u00a0\u00bb25px|25px|25px|25px|true|true\u00a0\u00bb]Certains m\u00e9taux [&hellip;]<\/p>\n","protected":false},"author":1,"featured_media":0,"parent":1150,"menu_order":0,"comment_status":"closed","ping_status":"closed","template":"","meta":{"_et_pb_use_builder":"on","_et_pb_old_content":"","_et_gb_content_width":"","om_disable_all_campaigns":false,"_uf_show_specific_survey":0,"_uf_disable_surveys":false,"footnotes":""},"class_list":["post-1156","page","type-page","status-publish","hentry"],"aioseo_notices":[],"_links":{"self":[{"href":"https:\/\/resilient-health.ca\/fr\/wp-json\/wp\/v2\/pages\/1156","targetHints":{"allow":["GET"]}}],"collection":[{"href":"https:\/\/resilient-health.ca\/fr\/wp-json\/wp\/v2\/pages"}],"about":[{"href":"https:\/\/resilient-health.ca\/fr\/wp-json\/wp\/v2\/types\/page"}],"author":[{"embeddable":true,"href":"https:\/\/resilient-health.ca\/fr\/wp-json\/wp\/v2\/users\/1"}],"replies":[{"embeddable":true,"href":"https:\/\/resilient-health.ca\/fr\/wp-json\/wp\/v2\/comments?post=1156"}],"version-history":[{"count":8,"href":"https:\/\/resilient-health.ca\/fr\/wp-json\/wp\/v2\/pages\/1156\/revisions"}],"predecessor-version":[{"id":1506,"href":"https:\/\/resilient-health.ca\/fr\/wp-json\/wp\/v2\/pages\/1156\/revisions\/1506"}],"up":[{"embeddable":true,"href":"https:\/\/resilient-health.ca\/fr\/wp-json\/wp\/v2\/pages\/1150"}],"wp:attachment":[{"href":"https:\/\/resilient-health.ca\/fr\/wp-json\/wp\/v2\/media?parent=1156"}],"curies":[{"name":"wp","href":"https:\/\/api.w.org\/{rel}","templated":true}]}}