{"id":1171,"date":"2020-08-26T05:27:50","date_gmt":"2020-08-26T05:27:50","guid":{"rendered":"https:\/\/resilient-health.ca\/politiques-et-sensibilisation\/"},"modified":"2020-11-16T19:42:10","modified_gmt":"2020-11-16T19:42:10","slug":"politiques-et-sensibilisation","status":"publish","type":"page","link":"https:\/\/resilient-health.ca\/fr\/politiques-et-sensibilisation\/","title":{"rendered":"Politiques et sensibilisation"},"content":{"rendered":"<p>[et_pb_section fb_built=\u00a0\u00bb1&Prime; _builder_version=\u00a0\u00bb4.5.1&Prime; _module_preset=\u00a0\u00bbdefault\u00a0\u00bb background_image=\u00a0\u00bb\/wp-content\/uploads\/2020\/07\/resilienthealth_banner2.jpg\u00a0\u00bb custom_padding=\u00a0\u00bb75px||75px||true|false\u00a0\u00bb][et_pb_row _builder_version=\u00a0\u00bb4.5.1&Prime; _module_preset=\u00a0\u00bbdefault\u00a0\u00bb width=\u00a0\u00bb60%\u00a0\u00bb][et_pb_column type=\u00a0\u00bb4_4&Prime; _builder_version=\u00a0\u00bb4.5.1&Prime; _module_preset=\u00a0\u00bbdefault\u00a0\u00bb][et_pb_text _builder_version=\u00a0\u00bb4.5.1&Prime; _module_preset=\u00a0\u00bbdefault\u00a0\u00bb text_font=\u00a0\u00bb||||||||\u00a0\u00bb text_text_color=\u00a0\u00bb#ffffff\u00a0\u00bb text_font_size=\u00a0\u00bb55px\u00a0\u00bb text_line_height=\u00a0\u00bb1.2em\u00a0\u00bb header_text_color=\u00a0\u00bb#ffffff\u00a0\u00bb header_font_size=\u00a0\u00bb19px\u00a0\u00bb text_orientation=\u00a0\u00bbcenter\u00a0\u00bb]<\/p>\n<h1 class=\"p1\">Politiques et sensibilisation<\/h1>\n<p class=\"p2\">Que puis-je faire?<\/p>\n<p>[\/et_pb_text][et_pb_divider color=\u00a0\u00bb#7cda24&Prime; divider_weight=\u00a0\u00bb5px\u00a0\u00bb _builder_version=\u00a0\u00bb4.5.1&Prime; _module_preset=\u00a0\u00bbdefault\u00a0\u00bb width=\u00a0\u00bb12%\u00a0\u00bb module_alignment=\u00a0\u00bbcenter\u00a0\u00bb custom_margin=\u00a0\u00bb5px||5px||true|false\u00a0\u00bb][\/et_pb_divider][\/et_pb_column][\/et_pb_row][\/et_pb_section][et_pb_section fb_built=\u00a0\u00bb1&Prime; _builder_version=\u00a0\u00bb4.5.1&Prime; _module_preset=\u00a0\u00bbdefault\u00a0\u00bb custom_padding=\u00a0\u00bb75px||75px||false|false\u00a0\u00bb][et_pb_row column_structure=\u00a0\u00bb1_2,1_2&Prime; _builder_version=\u00a0\u00bb4.5.4&Prime; _module_preset=\u00a0\u00bbdefault\u00a0\u00bb width=\u00a0\u00bb69%\u00a0\u00bb width_tablet=\u00a0\u00bb\u00a0\u00bb width_phone=\u00a0\u00bb85%\u00a0\u00bb width_last_edited=\u00a0\u00bbon|phone\u00a0\u00bb][et_pb_column type=\u00a0\u00bb1_2&Prime; _builder_version=\u00a0\u00bb4.5.1&Prime; _module_preset=\u00a0\u00bbdefault\u00a0\u00bb animation_style=\u00a0\u00bbfade\u00a0\u00bb][et_pb_text _builder_version=\u00a0\u00bb4.5.4&Prime; _module_preset=\u00a0\u00bbdefault\u00a0\u00bb text_font=\u00a0\u00bb||||||||\u00a0\u00bb text_font_size=\u00a0\u00bb38px\u00a0\u00bb text_line_height=\u00a0\u00bb1.2em\u00a0\u00bb header_font=\u00a0\u00bb|600||on|||||\u00a0\u00bb header_text_color=\u00a0\u00bb#7cda24&Prime; header_font_size=\u00a0\u00bb20px\u00a0\u00bb text_font_size_tablet=\u00a0\u00bb\u00a0\u00bb text_font_size_phone=\u00a0\u00bb36px\u00a0\u00bb text_font_size_last_edited=\u00a0\u00bbon|phone\u00a0\u00bb]<\/p>\n<h1 class=\"p1\">Politiques et sensibilisation<\/h1>\n<p class=\"p2\">Campagne de sensibilisation \u00e0 une relance r\u00e9siliente<\/p>\n<p>[\/et_pb_text][et_pb_divider color=\u00a0\u00bb#e02b20&Prime; divider_position=\u00a0\u00bbcenter\u00a0\u00bb divider_weight=\u00a0\u00bb5px\u00a0\u00bb _builder_version=\u00a0\u00bb4.5.1&Prime; _module_preset=\u00a0\u00bbdefault\u00a0\u00bb width=\u00a0\u00bb16%\u00a0\u00bb custom_margin=\u00a0\u00bb-7px||||false|false\u00a0\u00bb][\/et_pb_divider][et_pb_text _builder_version=\u00a0\u00bb4.5.1&Prime; _module_preset=\u00a0\u00bbdefault\u00a0\u00bb text_font_size=\u00a0\u00bb20px\u00a0\u00bb text_line_height=\u00a0\u00bb1.8em\u00a0\u00bb]<\/p>\n<p><span data-contrast=\"auto\">La pand\u00e9mie de la COVID-19 a <span style=\"color: #ff0000;\"><strong>r\u00e9v\u00e9l\u00e9 que de nombreux syst\u00e8mes au Canada sont fragiles et vuln\u00e9rables<\/strong><\/span>. Nos syst\u00e8mes sociaux et de sant\u00e9, notre \u00e9conomie et notre environnement peinent tous \u00e0 soutenir les Canadiens. Cette vuln\u00e9rabilit\u00e9 est le r\u00e9sultat de nombreuses d\u00e9cennies o\u00f9 la croissance \u00e9conomique a \u00e9t\u00e9 plus importante que la sant\u00e9, le bien-\u00eatre et l\u2019\u00e9quilibre environnemental.<\/span> <span data-contrast=\"auto\">Une relance r\u00e9siliente au sortir de cette crise n\u00e9cessite des changements fondamentaux afin que les in\u00e9galit\u00e9s qui sont la cause premi\u00e8re d\u2019une mauvaise sant\u00e9 puissent \u00eatre r\u00e9\u00e9quilibr\u00e9es pour cr\u00e9er des Canadiens r\u00e9silients. <span style=\"color: #ff0000;\"><strong>Le temps est venu d\u2019investir dans une \u00e9conomie \u00e0 triple bilan (social, environnemental et financier).<\/strong> <\/span>Le temps est venu de modifier les politiques afin de nous prot\u00e9ger tous en tenant compte des Canadiens les plus vuln\u00e9rables. Le temps est venu d\u2019am\u00e9liorer les bases d\u2019une sant\u00e9 r\u00e9siliente.<\/span><\/p>\n<p>[\/et_pb_text][\/et_pb_column][et_pb_column type=\u00a0\u00bb1_2&Prime; _builder_version=\u00a0\u00bb4.5.1&Prime; _module_preset=\u00a0\u00bbdefault\u00a0\u00bb animation_style=\u00a0\u00bbfade\u00a0\u00bb][et_pb_text _builder_version=\u00a0\u00bb4.5.4&Prime; _module_preset=\u00a0\u00bbdefault\u00a0\u00bb text_font_size=\u00a0\u00bb18px\u00a0\u00bb ul_text_color=\u00a0\u00bb#ffffff\u00a0\u00bb header_font=\u00a0\u00bb||||||||\u00a0\u00bb header_text_color=\u00a0\u00bb#ffffff\u00a0\u00bb header_line_height=\u00a0\u00bb1.2em\u00a0\u00bb background_color=\u00a0\u00bb#7cda24&Prime; width_tablet=\u00a0\u00bb\u00a0\u00bb width_phone=\u00a0\u00bb100%\u00a0\u00bb width_last_edited=\u00a0\u00bbon|phone\u00a0\u00bb custom_margin=\u00a0\u00bb||||false|false\u00a0\u00bb custom_padding=\u00a0\u00bb32px|39px|11px|39px|false|true\u00a0\u00bb custom_padding_tablet=\u00a0\u00bb\u00a0\u00bb custom_padding_phone=\u00a0\u00bb\u00a0\u00bb custom_padding_last_edited=\u00a0\u00bbon|phone\u00a0\u00bb]<\/p>\n<h1>Nous invitons les Canadiens \u00e0 apporter des changements fondamentaux pour favoriser le bien-\u00eatre dans quatre cat\u00e9gories :<\/h1>\n<ul>\n<li>Une \u00e9conomie \u00e9quitable et juste qui soutient des environnements propres et des personnes en bonne sant\u00e9.<\/li>\n<li>Un monde riche en biodiversit\u00e9 et un environnement propre, exempt de produits chimiques toxiques et de d\u00e9chets.<\/li>\n<li>Un syst\u00e8me de sant\u00e9 qui donne la priorit\u00e9 \u00e0 la pr\u00e9vention des maladies et au bien-\u00eatre.<\/li>\n<li>Une action urgente contre le changement climatique. Une action forte sera b\u00e9n\u00e9fique pour la sant\u00e9 humaine, la biodiversit\u00e9 et nos \u00e9conomies.<\/li>\n<\/ul>\n<p>&nbsp;<\/p>\n<p>[\/et_pb_text][et_pb_cta title=\u00a0\u00bbNOTRE DOCUMENT DE POLITIQUE\u00a0\u00bb button_url=\u00a0\u00bbhttps:\/\/nblungca-my.sharepoint.com\/:b:\/g\/personal\/dusty_green_nb_lung_ca\/EYn9h1o-nCFJjCzlyLKIClwBOHFS9EiJyk2TWJ1WhOQw6w?e=mkHLSz\u00a0\u00bb url_new_window=\u00a0\u00bbon\u00a0\u00bb button_text=\u00a0\u00bbT\u00e9l\u00e9charger maintenant\u00a0\u00bb _builder_version=\u00a0\u00bb4.5.4&Prime; _module_preset=\u00a0\u00bbdefault\u00a0\u00bb header_font=\u00a0\u00bb|600||on|||||\u00a0\u00bb header_font_size=\u00a0\u00bb25px\u00a0\u00bb body_font=\u00a0\u00bb||||||||\u00a0\u00bb body_font_size=\u00a0\u00bb18px\u00a0\u00bb body_line_height=\u00a0\u00bb1.6em\u00a0\u00bb background_color=\u00a0\u00bb#6b6b6b\u00a0\u00bb custom_button=\u00a0\u00bbon\u00a0\u00bb button_text_size=\u00a0\u00bb15px\u00a0\u00bb button_border_width=\u00a0\u00bb3px\u00a0\u00bb button_border_radius=\u00a0\u00bb0px\u00a0\u00bb button_font=\u00a0\u00bb|600||on|||||\u00a0\u00bb button_alignment=\u00a0\u00bbleft\u00a0\u00bb button_custom_padding=\u00a0\u00bb6px||||false|false\u00a0\u00bb text_orientation=\u00a0\u00bbleft\u00a0\u00bb]<\/p>\n<p class=\"p1\"><span class=\"s1\">Nous demandons au gouvernement f\u00e9d\u00e9ral de pr\u00e9coniser et de soutenir des changements dans les lois, les r\u00e8glements et les politiques du Canada qui am\u00e9lioreront les fondements de la sant\u00e9 r\u00e9siliente, comme le d\u00e9crit notre livre blanc.<\/span><\/p>\n<p>[\/et_pb_cta][\/et_pb_column][\/et_pb_row][\/et_pb_section][et_pb_section fb_built=\u00a0\u00bb1&Prime; _builder_version=\u00a0\u00bb4.5.4&Prime; _module_preset=\u00a0\u00bbdefault\u00a0\u00bb background_image=\u00a0\u00bb\/wp-content\/uploads\/2020\/07\/resilienthealth_banner3-1.jpg\u00a0\u00bb custom_padding=\u00a0\u00bb75px||75px||true|false\u00a0\u00bb background_last_edited=\u00a0\u00bbon|phone\u00a0\u00bb background_position_phone=\u00a0\u00bbtop_left\u00a0\u00bb][et_pb_row column_structure=\u00a0\u00bb1_2,1_2&Prime; _builder_version=\u00a0\u00bb4.5.1&Prime; _module_preset=\u00a0\u00bbdefault\u00a0\u00bb][et_pb_column type=\u00a0\u00bb1_2&Prime; _builder_version=\u00a0\u00bb4.5.1&Prime; _module_preset=\u00a0\u00bbdefault\u00a0\u00bb][et_pb_text _builder_version=\u00a0\u00bb4.5.4&Prime; _module_preset=\u00a0\u00bbdefault\u00a0\u00bb text_font=\u00a0\u00bb||||||||\u00a0\u00bb text_text_color=\u00a0\u00bb#ffffff\u00a0\u00bb text_font_size=\u00a0\u00bb38px\u00a0\u00bb text_line_height=\u00a0\u00bb1.2em\u00a0\u00bb header_font=\u00a0\u00bb|600||on|||||\u00a0\u00bb header_text_color=\u00a0\u00bb#ffffff\u00a0\u00bb header_font_size=\u00a0\u00bb20px\u00a0\u00bb text_font_size_tablet=\u00a0\u00bb\u00a0\u00bb text_font_size_phone=\u00a0\u00bb42px\u00a0\u00bb text_font_size_last_edited=\u00a0\u00bbon|phone\u00a0\u00bb text_orientation_tablet=\u00a0\u00bb\u00a0\u00bb text_orientation_phone=\u00a0\u00bbcenter\u00a0\u00bb text_orientation_last_edited=\u00a0\u00bbon|phone\u00a0\u00bb]<\/p>\n<p class=\"p1\"><span class=\"s1\">Ajoutez votre nom en tant que partisan de la campagne Relance r\u00e9siliente<\/span><\/p>\n<p>[\/et_pb_text][\/et_pb_column][et_pb_column type=\u00a0\u00bb1_2&Prime; _builder_version=\u00a0\u00bb4.5.1&Prime; _module_preset=\u00a0\u00bbdefault\u00a0\u00bb][et_pb_button button_url=\u00a0\u00bbmailto:mlangille@resilient-health.ca?bcc=mlangille@resilient-health.ca&amp;subject=Joining%20the%20Recovery%20Campaign!&amp;body=Hi%20Melanie,%20please%20add%20my%20name%20as%20a%20supporter%20of%20the%20Resilient%20Recovery%20campaign.\u00a0\u00bb url_new_window=\u00a0\u00bbon\u00a0\u00bb button_text=\u00a0\u00bbAbonnez-vous d\u00e8s aujourd\u2019hui!\u00a0\u00bb button_alignment=\u00a0\u00bbright\u00a0\u00bb button_alignment_tablet=\u00a0\u00bb\u00a0\u00bb button_alignment_phone=\u00a0\u00bbcenter\u00a0\u00bb button_alignment_last_edited=\u00a0\u00bbon|phone\u00a0\u00bb _builder_version=\u00a0\u00bb4.5.4&Prime; _module_preset=\u00a0\u00bbdefault\u00a0\u00bb custom_button=\u00a0\u00bbon\u00a0\u00bb button_text_size=\u00a0\u00bb20px\u00a0\u00bb button_text_color=\u00a0\u00bb#7cda24&Prime; button_bg_color=\u00a0\u00bb#ffffff\u00a0\u00bb button_border_width=\u00a0\u00bb0px\u00a0\u00bb button_border_radius=\u00a0\u00bb1px\u00a0\u00bb custom_margin=\u00a0\u00bb40px||40px||true|false\u00a0\u00bb][\/et_pb_button][\/et_pb_column][\/et_pb_row][\/et_pb_section][et_pb_section fb_built=\u00a0\u00bb1&Prime; _builder_version=\u00a0\u00bb4.5.1&Prime; _module_preset=\u00a0\u00bbdefault\u00a0\u00bb background_color=\u00a0\u00bb#242424&Prime; custom_padding=\u00a0\u00bb75px||75px||true|false\u00a0\u00bb][et_pb_row _builder_version=\u00a0\u00bb4.5.1&Prime; _module_preset=\u00a0\u00bbdefault\u00a0\u00bb][et_pb_column type=\u00a0\u00bb4_4&Prime; _builder_version=\u00a0\u00bb4.5.1&Prime; _module_preset=\u00a0\u00bbdefault\u00a0\u00bb][et_pb_text _builder_version=\u00a0\u00bb4.5.4&Prime; _module_preset=\u00a0\u00bbdefault\u00a0\u00bb header_font=\u00a0\u00bb|600||on|||||\u00a0\u00bb header_text_align=\u00a0\u00bbcenter\u00a0\u00bb header_text_color=\u00a0\u00bb#ffffff\u00a0\u00bb header_font_size=\u00a0\u00bb20px\u00a0\u00bb width=\u00a0\u00bb23%\u00a0\u00bb width_tablet=\u00a0\u00bb\u00a0\u00bb width_phone=\u00a0\u00bb50%\u00a0\u00bb width_last_edited=\u00a0\u00bbon|phone\u00a0\u00bb module_alignment=\u00a0\u00bbcenter\u00a0\u00bb custom_css_main_element=\u00a0\u00bbborder: 2px #fff solid;||height: 10%;||margin-right:auto;||margin-left: auto;||padding: 10px 20px 1px 20px;||margin-bottom: 2%;\u00a0\u00bb]<\/p>\n<h1 style=\"text-align: center;\">Regarder<\/h1>\n<p>[\/et_pb_text][et_pb_video src=\u00a0\u00bbhttps:\/\/youtu.be\/032v3T0MNS8&Prime; image_src=\u00a0\u00bb\/\/i.ytimg.com\/vi\/KMJgwm8pvJo\/hqdefault.jpg\u00a0\u00bb thumbnail_overlay_color=\u00a0\u00bbrgba(0,0,0,0.6)\u00a0\u00bb _builder_version=\u00a0\u00bb4.5.7&Prime; _module_preset=\u00a0\u00bbdefault\u00a0\u00bb][\/et_pb_video][\/et_pb_column][\/et_pb_row][\/et_pb_section][et_pb_section fb_built=\u00a0\u00bb1&Prime; _builder_version=\u00a0\u00bb4.5.1&Prime; _module_preset=\u00a0\u00bbdefault\u00a0\u00bb background_image=\u00a0\u00bb\/wp-content\/uploads\/2020\/07\/people-in-nature-9.jpg\u00a0\u00bb parallax=\u00a0\u00bbon\u00a0\u00bb custom_margin=\u00a0\u00bb0px||0px||true|false\u00a0\u00bb custom_padding=\u00a0\u00bb75px||75px||false|false\u00a0\u00bb][et_pb_row _builder_version=\u00a0\u00bb4.5.1&Prime; _module_preset=\u00a0\u00bbdefault\u00a0\u00bb][et_pb_column type=\u00a0\u00bb4_4&Prime; _builder_version=\u00a0\u00bb4.5.1&Prime; _module_preset=\u00a0\u00bbdefault\u00a0\u00bb][et_pb_text _builder_version=\u00a0\u00bb4.5.1&Prime; _module_preset=\u00a0\u00bbdefault\u00a0\u00bb text_font=\u00a0\u00bb||||||||\u00a0\u00bb text_text_color=\u00a0\u00bb#ffffff\u00a0\u00bb text_font_size=\u00a0\u00bb63px\u00a0\u00bb text_line_height=\u00a0\u00bb1.2em\u00a0\u00bb header_font=\u00a0\u00bb|600||on|||||\u00a0\u00bb header_text_color=\u00a0\u00bb#7cda24&Prime; header_font_size=\u00a0\u00bb20px\u00a0\u00bb]<\/p>\n<h1 class=\"p1\">Que puis-je faire?<\/h1>\n<p class=\"p2\"><span class=\"s1\">Stay Informed<\/span><\/p>\n<p>[\/et_pb_text][et_pb_divider color=\u00a0\u00bb#ffffff\u00a0\u00bb divider_position=\u00a0\u00bbcenter\u00a0\u00bb divider_weight=\u00a0\u00bb5px\u00a0\u00bb _builder_version=\u00a0\u00bb4.5.1&Prime; _module_preset=\u00a0\u00bbdefault\u00a0\u00bb width=\u00a0\u00bb16%\u00a0\u00bb custom_margin=\u00a0\u00bb-7px||||false|false\u00a0\u00bb][\/et_pb_divider][et_pb_text _builder_version=\u00a0\u00bb4.5.1&Prime; _module_preset=\u00a0\u00bbdefault\u00a0\u00bb text_font_size=\u00a0\u00bb18px\u00a0\u00bb text_line_height=\u00a0\u00bb1.8em\u00a0\u00bb ul_text_color=\u00a0\u00bb#ffffff\u00a0\u00bb custom_margin=\u00a0\u00bb||-20px||false|false\u00a0\u00bb]<\/p>\n<ul class=\"ul1\">\n<li class=\"li1\"><strong><a href=\"https:\/\/mailchi.mp\/9bbfe9bcf3a6\/frh_newsletter\" target=\"_blank\" rel=\"noopener noreferrer\"><span class=\"s2\">Abonnez-vous <\/span><\/a><\/strong><span class=\"s2\">\u00e0 notre liste de diffusion par courriel<\/span><\/li>\n<\/ul>\n<p>[\/et_pb_text][et_pb_text _builder_version=\u00a0\u00bb4.5.1&Prime; _module_preset=\u00a0\u00bbdefault\u00a0\u00bb text_font_size=\u00a0\u00bb18px\u00a0\u00bb text_line_height=\u00a0\u00bb1.8em\u00a0\u00bb ul_text_color=\u00a0\u00bb#ffffff\u00a0\u00bb custom_margin=\u00a0\u00bb||0px||false|false\u00a0\u00bb]<\/p>\n<ul>\n<li><span data-contrast=\"auto\">Suivez-nous sur les m\u00e9dias sociaux : <strong><a href=\"https:\/\/www.instagram.com\/santereshealth\/\" target=\"_blank\" rel=\"noopener noreferrer\">Instagram<\/a><\/strong>, <strong><a href=\"https:\/\/www.facebook.com\/SanteResHealth\" target=\"_blank\" rel=\"noopener noreferrer\">Facebook<\/a><\/strong> et <strong><a href=\"https:\/\/twitter.com\/SanteResHealth\" target=\"_blank\" rel=\"noopener noreferrer\">Twitter<\/a><\/strong><\/span><\/li>\n<\/ul>\n<p>[\/et_pb_text][et_pb_text _builder_version=\u00a0\u00bb4.6.5&Prime; _module_preset=\u00a0\u00bbdefault\u00a0\u00bb text_font_size=\u00a0\u00bb18px\u00a0\u00bb text_line_height=\u00a0\u00bb1.8em\u00a0\u00bb ul_text_color=\u00a0\u00bb#ffffff\u00a0\u00bb hover_enabled=\u00a0\u00bb0&Prime; sticky_enabled=\u00a0\u00bb0&Prime;]<\/p>\n<ul>\n<li><strong><a href=\"https:\/\/nb.lung.ca\/donate\" target=\"_blank\" rel=\"noopener noreferrer\">Faites un don \u00e0 Sant\u00e9-R\u00e9silient aujourd&rsquo;hui<\/a><\/strong><\/li>\n<\/ul>\n<p>[\/et_pb_text][\/et_pb_column][\/et_pb_row][\/et_pb_section]<\/p>\n","protected":false},"excerpt":{"rendered":"<p>[et_pb_section fb_built=\u00a0\u00bb1&Prime; _builder_version=\u00a0\u00bb4.5.1&Prime; _module_preset=\u00a0\u00bbdefault\u00a0\u00bb background_image=\u00a0\u00bb\/wp-content\/uploads\/2020\/07\/resilienthealth_banner2.jpg\u00a0\u00bb custom_padding=\u00a0\u00bb75px||75px||true|false\u00a0\u00bb][et_pb_row _builder_version=\u00a0\u00bb4.5.1&Prime; _module_preset=\u00a0\u00bbdefault\u00a0\u00bb width=\u00a0\u00bb60%\u00a0\u00bb][et_pb_column type=\u00a0\u00bb4_4&Prime; _builder_version=\u00a0\u00bb4.5.1&Prime; _module_preset=\u00a0\u00bbdefault\u00a0\u00bb][et_pb_text _builder_version=\u00a0\u00bb4.5.1&Prime; _module_preset=\u00a0\u00bbdefault\u00a0\u00bb text_font=\u00a0\u00bb||||||||\u00a0\u00bb text_text_color=\u00a0\u00bb#ffffff\u00a0\u00bb text_font_size=\u00a0\u00bb55px\u00a0\u00bb text_line_height=\u00a0\u00bb1.2em\u00a0\u00bb header_text_color=\u00a0\u00bb#ffffff\u00a0\u00bb header_font_size=\u00a0\u00bb19px\u00a0\u00bb text_orientation=\u00a0\u00bbcenter\u00a0\u00bb] Politiques et sensibilisation Que puis-je faire? [\/et_pb_text][et_pb_divider color=\u00a0\u00bb#7cda24&Prime; divider_weight=\u00a0\u00bb5px\u00a0\u00bb _builder_version=\u00a0\u00bb4.5.1&Prime; _module_preset=\u00a0\u00bbdefault\u00a0\u00bb width=\u00a0\u00bb12%\u00a0\u00bb module_alignment=\u00a0\u00bbcenter\u00a0\u00bb custom_margin=\u00a0\u00bb5px||5px||true|false\u00a0\u00bb][\/et_pb_divider][\/et_pb_column][\/et_pb_row][\/et_pb_section][et_pb_section fb_built=\u00a0\u00bb1&Prime; _builder_version=\u00a0\u00bb4.5.1&Prime; _module_preset=\u00a0\u00bbdefault\u00a0\u00bb custom_padding=\u00a0\u00bb75px||75px||false|false\u00a0\u00bb][et_pb_row column_structure=\u00a0\u00bb1_2,1_2&Prime; _builder_version=\u00a0\u00bb4.5.4&Prime; _module_preset=\u00a0\u00bbdefault\u00a0\u00bb width=\u00a0\u00bb69%\u00a0\u00bb width_tablet=\u00a0\u00bb\u00a0\u00bb width_phone=\u00a0\u00bb85%\u00a0\u00bb width_last_edited=\u00a0\u00bbon|phone\u00a0\u00bb][et_pb_column type=\u00a0\u00bb1_2&Prime; _builder_version=\u00a0\u00bb4.5.1&Prime; _module_preset=\u00a0\u00bbdefault\u00a0\u00bb animation_style=\u00a0\u00bbfade\u00a0\u00bb][et_pb_text _builder_version=\u00a0\u00bb4.5.4&Prime; _module_preset=\u00a0\u00bbdefault\u00a0\u00bb text_font=\u00a0\u00bb||||||||\u00a0\u00bb text_font_size=\u00a0\u00bb38px\u00a0\u00bb text_line_height=\u00a0\u00bb1.2em\u00a0\u00bb [&hellip;]<\/p>\n","protected":false},"author":1,"featured_media":0,"parent":0,"menu_order":0,"comment_status":"closed","ping_status":"closed","template":"","meta":{"_et_pb_use_builder":"on","_et_pb_old_content":"","_et_gb_content_width":"","om_disable_all_campaigns":false,"_uf_show_specific_survey":0,"_uf_disable_surveys":false,"footnotes":""},"class_list":["post-1171","page","type-page","status-publish","hentry"],"aioseo_notices":[],"_links":{"self":[{"href":"https:\/\/resilient-health.ca\/fr\/wp-json\/wp\/v2\/pages\/1171","targetHints":{"allow":["GET"]}}],"collection":[{"href":"https:\/\/resilient-health.ca\/fr\/wp-json\/wp\/v2\/pages"}],"about":[{"href":"https:\/\/resilient-health.ca\/fr\/wp-json\/wp\/v2\/types\/page"}],"author":[{"embeddable":true,"href":"https:\/\/resilient-health.ca\/fr\/wp-json\/wp\/v2\/users\/1"}],"replies":[{"embeddable":true,"href":"https:\/\/resilient-health.ca\/fr\/wp-json\/wp\/v2\/comments?post=1171"}],"version-history":[{"count":24,"href":"https:\/\/resilient-health.ca\/fr\/wp-json\/wp\/v2\/pages\/1171\/revisions"}],"predecessor-version":[{"id":1788,"href":"https:\/\/resilient-health.ca\/fr\/wp-json\/wp\/v2\/pages\/1171\/revisions\/1788"}],"wp:attachment":[{"href":"https:\/\/resilient-health.ca\/fr\/wp-json\/wp\/v2\/media?parent=1171"}],"curies":[{"name":"wp","href":"https:\/\/api.w.org\/{rel}","templated":true}]}}