{"id":1525,"date":"2020-09-21T02:20:48","date_gmt":"2020-09-21T02:20:48","guid":{"rendered":"https:\/\/resilient-health.ca\/cmp-news\/"},"modified":"2021-06-17T10:34:18","modified_gmt":"2021-06-17T14:34:18","slug":"cmp-news","status":"publish","type":"page","link":"https:\/\/resilient-health.ca\/fr\/cnhhe\/cmp-news\/","title":{"rendered":"Nouvelles du PGPC"},"content":{"rendered":"<p>[et_pb_section fb_built=\u00a0\u00bb1&Prime; _builder_version=\u00a0\u00bb4.5.7&Prime; _module_preset=\u00a0\u00bbdefault\u00a0\u00bb background_image=\u00a0\u00bbhttps:\/\/resilient-health.ca\/wp-content\/uploads\/2020\/09\/pexels-karolina-grabowska-4239113-scaled.jpg\u00a0\u00bb custom_padding=\u00a0\u00bb75px||75px||true|false\u00a0\u00bb][et_pb_row _builder_version=\u00a0\u00bb4.5.1&Prime; _module_preset=\u00a0\u00bbdefault\u00a0\u00bb width=\u00a0\u00bb60%\u00a0\u00bb][et_pb_column type=\u00a0\u00bb4_4&Prime; _builder_version=\u00a0\u00bb4.5.1&Prime; _module_preset=\u00a0\u00bbdefault\u00a0\u00bb][et_pb_text _builder_version=\u00a0\u00bb4.5.7&Prime; _module_preset=\u00a0\u00bbdefault\u00a0\u00bb text_font=\u00a0\u00bb||||||||\u00a0\u00bb text_text_color=\u00a0\u00bb#ffffff\u00a0\u00bb text_font_size=\u00a0\u00bb55px\u00a0\u00bb text_line_height=\u00a0\u00bb1.2em\u00a0\u00bb header_text_color=\u00a0\u00bb#ffffff\u00a0\u00bb header_font_size=\u00a0\u00bb19px\u00a0\u00bb text_orientation=\u00a0\u00bbcenter\u00a0\u00bb]<\/p>\n<h1 class=\"p1\">RCSHE<\/h1>\n<p class=\"p2\">Nouvelles du PGPC<\/p>\n<p>[\/et_pb_text][et_pb_divider color=\u00a0\u00bb#7cda24&Prime; divider_weight=\u00a0\u00bb5px\u00a0\u00bb _builder_version=\u00a0\u00bb4.5.1&Prime; _module_preset=\u00a0\u00bbdefault\u00a0\u00bb width=\u00a0\u00bb12%\u00a0\u00bb module_alignment=\u00a0\u00bbcenter\u00a0\u00bb custom_margin=\u00a0\u00bb5px||5px||true|false\u00a0\u00bb][\/et_pb_divider][\/et_pb_column][\/et_pb_row][\/et_pb_section][et_pb_section fb_built=\u00a0\u00bb1&Prime; _builder_version=\u00a0\u00bb4.5.7&Prime; _module_preset=\u00a0\u00bbdefault\u00a0\u00bb custom_padding=\u00a0\u00bb50px||50px||true|false\u00a0\u00bb][et_pb_row _builder_version=\u00a0\u00bb4.5.7&Prime; _module_preset=\u00a0\u00bbdefault\u00a0\u00bb][et_pb_column type=\u00a0\u00bb4_4&Prime; _builder_version=\u00a0\u00bb4.5.7&Prime; _module_preset=\u00a0\u00bbdefault\u00a0\u00bb][et_pb_text _builder_version=\u00a0\u00bb4.5.7&Prime; _module_preset=\u00a0\u00bbdefault\u00a0\u00bb text_font_size=\u00a0\u00bb20px\u00a0\u00bb text_line_height=\u00a0\u00bb1.6em\u00a0\u00bb width=\u00a0\u00bb80%\u00a0\u00bb module_alignment=\u00a0\u00bbcenter\u00a0\u00bb]<span class=\"TextRun SCXW99590956 BCX0\" lang=\"FR-CA\" xml:lang=\"FR-CA\" data-contrast=\"auto\"><span class=\"NormalTextRun SCXW99590956 BCX0\">Lorsqu\u2019il s\u2019av\u00e8re qu\u2019un produit chimique pr\u00e9sente un risque, les scientifiques et les responsables des politiques du Plan de gestion des produits chimiques \u00e9laborent une strat\u00e9gie pour g\u00e9rer ce produit et le risque qu\u2019il repr\u00e9sente. Ils peuvent d\u00e9cider qu\u2019il est important de supprimer progressivement l\u2019utilisation ou la production du produit parce qu\u2019il est trop dangereux. Ils peuvent proposer des r\u00e9glementations pour limiter ou rendre plus s\u00fbre l\u2019utilisation du produit chimique. \u00c0 chaque \u00e9tape du processus, des p\u00e9riodes de consultation publique sont ouvertes \u00e0 la population canadienne pour qu\u2019elle puisse commenter une \u00e9bauche de document sur un produit chimique. <\/span><\/span><\/p>\n<p><span class=\"TextRun SCXW99590956 BCX0\" lang=\"FR-CA\" xml:lang=\"FR-CA\" data-contrast=\"auto\"><span class=\"NormalTextRun SCXW99590956 BCX0\">Ces commentaires, ainsi que le comit\u00e9 scientifique du PGPC et le Conseil consultatif des intervenants, aident le gouvernement \u00e0 prendre des d\u00e9cisions sur la fa\u00e7on de g\u00e9rer un produit chimique ou un groupe de produits chimiques pour la s\u00e9curit\u00e9 des Canadiens et de notre environnement.<\/span><\/span><span class=\"EOP SCXW99590956 BCX0\" data-ccp-props=\"{&quot;201341983&quot;:0,&quot;335559740&quot;:259}\">\u00a0<\/span>[\/et_pb_text][\/et_pb_column][\/et_pb_row][\/et_pb_section][et_pb_section fb_built=\u00a0\u00bb1&Prime; _builder_version=\u00a0\u00bb4.5.1&Prime; _module_preset=\u00a0\u00bbdefault\u00a0\u00bb background_color=\u00a0\u00bb#ededed\u00a0\u00bb custom_padding=\u00a0\u00bb75px||75px||true|false\u00a0\u00bb][et_pb_row _builder_version=\u00a0\u00bb4.5.1&Prime; _module_preset=\u00a0\u00bbdefault\u00a0\u00bb][et_pb_column type=\u00a0\u00bb4_4&Prime; _builder_version=\u00a0\u00bb4.5.1&Prime; _module_preset=\u00a0\u00bbdefault\u00a0\u00bb][et_pb_text _builder_version=\u00a0\u00bb4.5.7&Prime; _module_preset=\u00a0\u00bbdefault\u00a0\u00bb text_font=\u00a0\u00bb|600|||||||\u00a0\u00bb text_text_color=\u00a0\u00bb#7cda24&Prime; text_font_size=\u00a0\u00bb55px\u00a0\u00bb header_font=\u00a0\u00bb||||||||\u00a0\u00bb header_text_align=\u00a0\u00bbcenter\u00a0\u00bb header_text_color=\u00a0\u00bb#7cda24&Prime; header_font_size=\u00a0\u00bb43px\u00a0\u00bb text_orientation=\u00a0\u00bbcenter\u00a0\u00bb custom_margin=\u00a0\u00bb||75px||false|false\u00a0\u00bb custom_css_main_element=\u00a0\u00bbletter-spacing: -2px;\u00a0\u00bb]<span class=\"TextRun SCXW248967499 BCX0\" lang=\"FR-CA\" xml:lang=\"FR-CA\" data-contrast=\"auto\"><span class=\"NormalTextRun SCXW248967499 BCX0\">Voici les derni\u00e8res nouvelles du PGPC<\/span><\/span><span class=\"TextRun SCXW248967499 BCX0\" lang=\"FR-CA\" xml:lang=\"FR-CA\" data-contrast=\"auto\"><span class=\"NormalTextRun SCXW248967499 BCX0\">\u202f<\/span><\/span><span class=\"TextRun SCXW248967499 BCX0\" lang=\"FR-CA\" xml:lang=\"FR-CA\" data-contrast=\"auto\"><span class=\"NormalTextRun SCXW248967499 BCX0\">:<\/span><\/span><span class=\"EOP SCXW248967499 BCX0\" data-ccp-props=\"{&quot;201341983&quot;:0,&quot;335559740&quot;:259}\">\u00a0<\/span>[\/et_pb_text][et_pb_blog posts_number=\u00a0\u00bb50&Prime; include_categories=\u00a0\u00bb26&Prime; show_thumbnail=\u00a0\u00bboff\u00a0\u00bb show_content=\u00a0\u00bbon\u00a0\u00bb show_author=\u00a0\u00bboff\u00a0\u00bb show_categories=\u00a0\u00bboff\u00a0\u00bb _builder_version=\u00a0\u00bb4.6.5&Prime; _module_preset=\u00a0\u00bbdefault\u00a0\u00bb header_font=\u00a0\u00bb|700||on|||||\u00a0\u00bb header_text_color=\u00a0\u00bb#707070&Prime; header_line_height=\u00a0\u00bb1.4em\u00a0\u00bb meta_font=\u00a0\u00bb|600|on||||||\u00a0\u00bb meta_text_color=\u00a0\u00bb#7cda24&Prime; hover_enabled=\u00a0\u00bb0&Prime; sticky_enabled=\u00a0\u00bb0&Prime;][\/et_pb_blog][\/et_pb_column][\/et_pb_row][\/et_pb_section]<\/p>\n","protected":false},"excerpt":{"rendered":"<p>[et_pb_section fb_built=\u00a0\u00bb1&Prime; _builder_version=\u00a0\u00bb4.5.7&Prime; _module_preset=\u00a0\u00bbdefault\u00a0\u00bb background_image=\u00a0\u00bbhttps:\/\/resilient-health.ca\/wp-content\/uploads\/2020\/09\/pexels-karolina-grabowska-4239113-scaled.jpg\u00a0\u00bb custom_padding=\u00a0\u00bb75px||75px||true|false\u00a0\u00bb][et_pb_row _builder_version=\u00a0\u00bb4.5.1&Prime; _module_preset=\u00a0\u00bbdefault\u00a0\u00bb width=\u00a0\u00bb60%\u00a0\u00bb][et_pb_column type=\u00a0\u00bb4_4&Prime; _builder_version=\u00a0\u00bb4.5.1&Prime; _module_preset=\u00a0\u00bbdefault\u00a0\u00bb][et_pb_text _builder_version=\u00a0\u00bb4.5.7&Prime; _module_preset=\u00a0\u00bbdefault\u00a0\u00bb text_font=\u00a0\u00bb||||||||\u00a0\u00bb text_text_color=\u00a0\u00bb#ffffff\u00a0\u00bb text_font_size=\u00a0\u00bb55px\u00a0\u00bb text_line_height=\u00a0\u00bb1.2em\u00a0\u00bb header_text_color=\u00a0\u00bb#ffffff\u00a0\u00bb header_font_size=\u00a0\u00bb19px\u00a0\u00bb text_orientation=\u00a0\u00bbcenter\u00a0\u00bb] RCSHE Nouvelles du PGPC [\/et_pb_text][et_pb_divider color=\u00a0\u00bb#7cda24&Prime; divider_weight=\u00a0\u00bb5px\u00a0\u00bb _builder_version=\u00a0\u00bb4.5.1&Prime; _module_preset=\u00a0\u00bbdefault\u00a0\u00bb width=\u00a0\u00bb12%\u00a0\u00bb module_alignment=\u00a0\u00bbcenter\u00a0\u00bb custom_margin=\u00a0\u00bb5px||5px||true|false\u00a0\u00bb][\/et_pb_divider][\/et_pb_column][\/et_pb_row][\/et_pb_section][et_pb_section fb_built=\u00a0\u00bb1&Prime; _builder_version=\u00a0\u00bb4.5.7&Prime; _module_preset=\u00a0\u00bbdefault\u00a0\u00bb custom_padding=\u00a0\u00bb50px||50px||true|false\u00a0\u00bb][et_pb_row _builder_version=\u00a0\u00bb4.5.7&Prime; _module_preset=\u00a0\u00bbdefault\u00a0\u00bb][et_pb_column type=\u00a0\u00bb4_4&Prime; _builder_version=\u00a0\u00bb4.5.7&Prime; _module_preset=\u00a0\u00bbdefault\u00a0\u00bb][et_pb_text _builder_version=\u00a0\u00bb4.5.7&Prime; _module_preset=\u00a0\u00bbdefault\u00a0\u00bb text_font_size=\u00a0\u00bb20px\u00a0\u00bb text_line_height=\u00a0\u00bb1.6em\u00a0\u00bb width=\u00a0\u00bb80%\u00a0\u00bb module_alignment=\u00a0\u00bbcenter\u00a0\u00bb]Lorsqu\u2019il s\u2019av\u00e8re qu\u2019un produit chimique pr\u00e9sente un risque, [&hellip;]<\/p>\n","protected":false},"author":1,"featured_media":0,"parent":1533,"menu_order":0,"comment_status":"closed","ping_status":"closed","template":"","meta":{"_et_pb_use_builder":"on","_et_pb_old_content":"","_et_gb_content_width":"","om_disable_all_campaigns":false,"_uf_show_specific_survey":0,"_uf_disable_surveys":false,"footnotes":""},"class_list":["post-1525","page","type-page","status-publish","hentry"],"aioseo_notices":[],"_links":{"self":[{"href":"https:\/\/resilient-health.ca\/fr\/wp-json\/wp\/v2\/pages\/1525","targetHints":{"allow":["GET"]}}],"collection":[{"href":"https:\/\/resilient-health.ca\/fr\/wp-json\/wp\/v2\/pages"}],"about":[{"href":"https:\/\/resilient-health.ca\/fr\/wp-json\/wp\/v2\/types\/page"}],"author":[{"embeddable":true,"href":"https:\/\/resilient-health.ca\/fr\/wp-json\/wp\/v2\/users\/1"}],"replies":[{"embeddable":true,"href":"https:\/\/resilient-health.ca\/fr\/wp-json\/wp\/v2\/comments?post=1525"}],"version-history":[{"count":7,"href":"https:\/\/resilient-health.ca\/fr\/wp-json\/wp\/v2\/pages\/1525\/revisions"}],"predecessor-version":[{"id":2580,"href":"https:\/\/resilient-health.ca\/fr\/wp-json\/wp\/v2\/pages\/1525\/revisions\/2580"}],"up":[{"embeddable":true,"href":"https:\/\/resilient-health.ca\/fr\/wp-json\/wp\/v2\/pages\/1533"}],"wp:attachment":[{"href":"https:\/\/resilient-health.ca\/fr\/wp-json\/wp\/v2\/media?parent=1525"}],"curies":[{"name":"wp","href":"https:\/\/api.w.org\/{rel}","templated":true}]}}