{"id":4036,"date":"2022-05-13T11:40:10","date_gmt":"2022-05-13T15:40:10","guid":{"rendered":"https:\/\/resilient-health.ca\/exposition-au-plastique-et-utilisation-du-plastique\/"},"modified":"2022-05-13T13:33:55","modified_gmt":"2022-05-13T17:33:55","slug":"exposition-au-plastique-et-utilisation-du-plastique","status":"publish","type":"page","link":"https:\/\/resilient-health.ca\/fr\/exposition-au-plastique-et-utilisation-du-plastique\/","title":{"rendered":"Exposition au plastique et utilisation du plastique"},"content":{"rendered":"<p>[et_pb_section fb_built=\u00a0\u00bb1&Prime; _builder_version=\u00a0\u00bb4.5.1&Prime; _module_preset=\u00a0\u00bbdefault\u00a0\u00bb custom_margin=\u00a0\u00bb||||true|false\u00a0\u00bb custom_padding=\u00a0\u00bb75px||75px||true|false\u00a0\u00bb][et_pb_row _builder_version=\u00a0\u00bb4.5.4&Prime; _module_preset=\u00a0\u00bbdefault\u00a0\u00bb width=\u00a0\u00bb60%\u00a0\u00bb width_tablet=\u00a0\u00bb\u00a0\u00bb width_phone=\u00a0\u00bb84%\u00a0\u00bb width_last_edited=\u00a0\u00bbon|phone\u00a0\u00bb][et_pb_column type=\u00a0\u00bb4_4&Prime; _builder_version=\u00a0\u00bb4.5.1&Prime; _module_preset=\u00a0\u00bbdefault\u00a0\u00bb][et_pb_text _builder_version=\u00a0\u00bb4.6.5&Prime; _module_preset=\u00a0\u00bbdefault\u00a0\u00bb text_font=\u00a0\u00bb||||||||\u00a0\u00bb text_font_size=\u00a0\u00bb55px\u00a0\u00bb text_line_height=\u00a0\u00bb1.2em\u00a0\u00bb header_text_color=\u00a0\u00bb#7cda24&Prime; header_font_size=\u00a0\u00bb19px\u00a0\u00bb text_orientation=\u00a0\u00bbcenter\u00a0\u00bb custom_padding=\u00a0\u00bb0px|||||\u00a0\u00bb]<\/p>\n<h1 class=\"p1\"><a href=\"https:\/\/resilient-health.ca\/fr\/des-habitudes-saines-pour-des-personnes-saines\/\">Des habitudes saines pour<\/a><br \/><a href=\"https:\/\/resilient-health.ca\/fr\/des-habitudes-saines-pour-des-personnes-saines\/\"> des personnes saines<\/a><\/h1>\n<p class=\"p1\">Exposition au plastique<\/p>\n<p>[\/et_pb_text][et_pb_divider color=\u00a0\u00bb#7cda24&Prime; divider_weight=\u00a0\u00bb5px\u00a0\u00bb _builder_version=\u00a0\u00bb4.5.1&Prime; _module_preset=\u00a0\u00bbdefault\u00a0\u00bb width=\u00a0\u00bb12%\u00a0\u00bb module_alignment=\u00a0\u00bbcenter\u00a0\u00bb custom_margin=\u00a0\u00bb5px||5px||true|false\u00a0\u00bb][\/et_pb_divider][et_pb_text _builder_version=\u00a0\u00bb4.5.1&Prime; _module_preset=\u00a0\u00bbdefault\u00a0\u00bb text_font_size=\u00a0\u00bb20px\u00a0\u00bb text_line_height=\u00a0\u00bb1.6em\u00a0\u00bb]Le plastique est partout et peut \u00eatre utilis\u00e9 \u00e0 de nombreuses fins. Cependant, les mati\u00e8res plastiques peuvent \u00eatre nocives pour l\u2019environnement en raison de leur processus de fabrication et de leurs d\u00e9chets. Le plastique peut \u00e9galement contenir des substances chimiques qui peuvent p\u00e9n\u00e9trer dans votre corps si vous l\u2019utilisez avec des aliments chauds. Voici comment vous pouvez vous prot\u00e9ger, vous et vos enfants.<\/p>\n<ul>\n<li>R\u00e9chauffez vos restants de table dans des r\u00e9cipients en verre ou en c\u00e9ramique.<\/li>\n<li>Conservez les aliments chauds dans des r\u00e9cipients en verre ou en c\u00e9ramique.<\/li>\n<li>Essayez les emballages en cire d\u2019abeille.<\/li>\n<li>Utilisez vos r\u00e9cipients en plastique pour les aliments froids ou les produits du garde-manger.<\/li>\n<li>Pour les r\u00e9cipients alimentaires et les jouets, recherchez les symboles de recyclage\u00a01, 2, 4 et 5. \u00c9vitez les symboles\u00a03, 6 et 7.<\/li>\n<li>Choisissez des jouets \u00e9tiquet\u00e9s \u00ab\u00a0sans PVC\u00a0\u00bb, \u00ab\u00a0sans phtalates\u00a0\u00bb ou \u00ab\u00a0sans BPA\u00a0\u00bb.<\/li>\n<li>\u00c9vitez les jouets en vinyle ou en PVC.<\/li>\n<li>V\u00e9rifiez que les jouets n\u2019ont pas fait l\u2019objet d\u2019un rappel.<\/li>\n<\/ul>\n<p>Voici comment vous pouvez r\u00e9duire la quantit\u00e9 de plastique que vous utilisez.<\/p>\n<ul>\n<li>Apportez vos sacs en tissu r\u00e9utilisables quand vous faites vos courses.<\/li>\n<li>Refusez la paille au restaurant (ou apportez la v\u00f4tre).<\/li>\n<li>Apportez une tasse r\u00e9utilisable pour le caf\u00e9. De nombreux \u00e9tablissements vous accorderont une r\u00e9duction!<\/li>\n<\/ul>\n<p>[\/et_pb_text][\/et_pb_column][\/et_pb_row][et_pb_row _builder_version=\u00a0\u00bb4.6.5&Prime; _module_preset=\u00a0\u00bbdefault\u00a0\u00bb][et_pb_column type=\u00a0\u00bb4_4&Prime; _builder_version=\u00a0\u00bb4.6.5&Prime; _module_preset=\u00a0\u00bbdefault\u00a0\u00bb][et_pb_image src=\u00a0\u00bbhttps:\/\/resilient-health.ca\/wp-content\/uploads\/2022\/05\/plastics-frn.png\u00a0\u00bb title_text=\u00a0\u00bbplastics-frn\u00a0\u00bb align=\u00a0\u00bbcenter\u00a0\u00bb _builder_version=\u00a0\u00bb4.6.5&Prime; _module_preset=\u00a0\u00bbdefault\u00a0\u00bb width=\u00a0\u00bb81%\u00a0\u00bb hover_enabled=\u00a0\u00bb0&Prime; sticky_enabled=\u00a0\u00bb0&Prime;][\/et_pb_image][\/et_pb_column][\/et_pb_row][\/et_pb_section][et_pb_section fb_built=\u00a0\u00bb1&Prime; _builder_version=\u00a0\u00bb4.6.5&Prime; _module_preset=\u00a0\u00bbdefault\u00a0\u00bb background_image=\u00a0\u00bbhttps:\/\/resilient-health.ca\/wp-content\/uploads\/2021\/04\/plastics.jpg\u00a0\u00bb parallax=\u00a0\u00bbon\u00a0\u00bb custom_margin=\u00a0\u00bb0px||0px||true|false\u00a0\u00bb custom_padding=\u00a0\u00bb45px||45px||true|false\u00a0\u00bb][et_pb_row column_structure=\u00a0\u00bb1_2,1_2&Prime; _builder_version=\u00a0\u00bb4.5.1&Prime; _module_preset=\u00a0\u00bbdefault\u00a0\u00bb][et_pb_column type=\u00a0\u00bb1_2&Prime; _builder_version=\u00a0\u00bb4.5.1&Prime; _module_preset=\u00a0\u00bbdefault\u00a0\u00bb][et_pb_text _builder_version=\u00a0\u00bb4.6.5&Prime; _module_preset=\u00a0\u00bbdefault\u00a0\u00bb text_font=\u00a0\u00bb||||||||\u00a0\u00bb text_text_color=\u00a0\u00bb#ffffff\u00a0\u00bb text_font_size=\u00a0\u00bb63px\u00a0\u00bb text_line_height=\u00a0\u00bb1.2em\u00a0\u00bb header_font=\u00a0\u00bb|600||on|||||\u00a0\u00bb header_text_color=\u00a0\u00bb#7cda24&Prime; header_font_size=\u00a0\u00bb20px\u00a0\u00bb text_font_size_tablet=\u00a0\u00bb\u00a0\u00bb text_font_size_phone=\u00a0\u00bb47px\u00a0\u00bb text_font_size_last_edited=\u00a0\u00bbon|phone\u00a0\u00bb]<\/p>\n<h1 class=\"p1\"><\/h1>\n<p class=\"p2\"><strong><span style=\"color: #232323;\">Pour plus d\u2019information :<\/span><\/strong><\/p>\n<p>[\/et_pb_text][et_pb_divider color=\u00a0\u00bb#e02b20&Prime; divider_position=\u00a0\u00bbcenter\u00a0\u00bb divider_weight=\u00a0\u00bb5px\u00a0\u00bb _builder_version=\u00a0\u00bb4.5.1&Prime; _module_preset=\u00a0\u00bbdefault\u00a0\u00bb width=\u00a0\u00bb16%\u00a0\u00bb custom_margin=\u00a0\u00bb-7px||||false|false\u00a0\u00bb][\/et_pb_divider][et_pb_text _builder_version=\u00a0\u00bb4.6.5&Prime; _module_preset=\u00a0\u00bbdefault\u00a0\u00bb text_text_color=\u00a0\u00bb#ffffff\u00a0\u00bb text_font_size=\u00a0\u00bb20px\u00a0\u00bb text_line_height=\u00a0\u00bb1.6em\u00a0\u00bb background_color=\u00a0\u00bbrgba(0,0,0,0.66)\u00a0\u00bb custom_margin=\u00a0\u00bb|280px||||\u00a0\u00bb custom_padding=\u00a0\u00bb||0px|||\u00a0\u00bb link_option_url=\u00a0\u00bbhttps:\/\/resilient-health.ca\/fr\/des-habitudes-saines-pour-des-personnes-saines\/\u00a0\u00bb]<\/p>\n<p>\u00a0 Page d&rsquo;accueil<\/p>\n<p>[\/et_pb_text][\/et_pb_column][et_pb_column type=\u00a0\u00bb1_2&Prime; _builder_version=\u00a0\u00bb4.5.1&Prime; _module_preset=\u00a0\u00bbdefault\u00a0\u00bb][et_pb_text _builder_version=\u00a0\u00bb4.6.5&Prime; _module_preset=\u00a0\u00bbdefault\u00a0\u00bb text_text_color=\u00a0\u00bb#ffffff\u00a0\u00bb text_font_size=\u00a0\u00bb18px\u00a0\u00bb text_line_height=\u00a0\u00bb1.6em\u00a0\u00bb header_font=\u00a0\u00bb|600|||||||\u00a0\u00bb header_text_color=\u00a0\u00bb#ffffff\u00a0\u00bb header_line_height=\u00a0\u00bb1.2em\u00a0\u00bb background_color=\u00a0\u00bbrgba(0,0,0,0.66)\u00a0\u00bb custom_margin=\u00a0\u00bb||||false|false\u00a0\u00bb custom_padding=\u00a0\u00bb27px|27px|4px|27px|false|true\u00a0\u00bb]<\/p>\n<h1><strong>Pour plus d\u2019information\u00a0:<\/strong><\/h1>\n<p><a href=\"https:\/\/ecologycenter.org\/plastics\/\">https:\/\/ecologycenter.org\/plastics\/<\/a> \u00a0(en anglais seulement)<\/p>\n<p><a href=\"https:\/\/www.ciel.org\/?sfid=3771&amp;_sft_category=plastic\">https:\/\/www.ciel.org\/?sfid=3771&amp;_sft_category=plastic<\/a> (en anglais seulement)<\/p>\n<p><a href=\"https:\/\/environmentaldefence.ca\/campaign\/ending-plastic-pollution\/\">https:\/\/environmentaldefence.ca\/campaign\/ending-plastic-pollution\/<\/a> (en anglais seulement)<\/p>\n<p><a href=\"https:\/\/davidsuzuki.org\/queen-of-green\/how-to-go-zero-waste\/\">https:\/\/davidsuzuki.org\/queen-of-green\/how-to-go-zero-waste\/<\/a> (en anglais seulement)<\/p>\n<p><a href=\"https:\/\/canadiensensante.gc.ca\/recall-alert-rappel-avis\/index-fra.php\">https:\/\/canadiensensante.gc.ca\/recall-alert-rappel-avis\/index-fra.php<\/a><\/p>\n<p>[\/et_pb_text][\/et_pb_column][\/et_pb_row][\/et_pb_section]<\/p>\n","protected":false},"excerpt":{"rendered":"<p>[et_pb_section fb_built=\u00a0\u00bb1&Prime; _builder_version=\u00a0\u00bb4.5.1&Prime; _module_preset=\u00a0\u00bbdefault\u00a0\u00bb custom_margin=\u00a0\u00bb||||true|false\u00a0\u00bb custom_padding=\u00a0\u00bb75px||75px||true|false\u00a0\u00bb][et_pb_row _builder_version=\u00a0\u00bb4.5.4&Prime; _module_preset=\u00a0\u00bbdefault\u00a0\u00bb width=\u00a0\u00bb60%\u00a0\u00bb width_tablet=\u00a0\u00bb\u00a0\u00bb width_phone=\u00a0\u00bb84%\u00a0\u00bb width_last_edited=\u00a0\u00bbon|phone\u00a0\u00bb][et_pb_column type=\u00a0\u00bb4_4&Prime; _builder_version=\u00a0\u00bb4.5.1&Prime; _module_preset=\u00a0\u00bbdefault\u00a0\u00bb][et_pb_text _builder_version=\u00a0\u00bb4.6.5&Prime; _module_preset=\u00a0\u00bbdefault\u00a0\u00bb text_font=\u00a0\u00bb||||||||\u00a0\u00bb text_font_size=\u00a0\u00bb55px\u00a0\u00bb text_line_height=\u00a0\u00bb1.2em\u00a0\u00bb header_text_color=\u00a0\u00bb#7cda24&Prime; header_font_size=\u00a0\u00bb19px\u00a0\u00bb text_orientation=\u00a0\u00bbcenter\u00a0\u00bb custom_padding=\u00a0\u00bb0px|||||\u00a0\u00bb] Des habitudes saines pour des personnes saines Exposition au plastique [\/et_pb_text][et_pb_divider color=\u00a0\u00bb#7cda24&Prime; divider_weight=\u00a0\u00bb5px\u00a0\u00bb _builder_version=\u00a0\u00bb4.5.1&Prime; _module_preset=\u00a0\u00bbdefault\u00a0\u00bb width=\u00a0\u00bb12%\u00a0\u00bb module_alignment=\u00a0\u00bbcenter\u00a0\u00bb custom_margin=\u00a0\u00bb5px||5px||true|false\u00a0\u00bb][\/et_pb_divider][et_pb_text _builder_version=\u00a0\u00bb4.5.1&Prime; _module_preset=\u00a0\u00bbdefault\u00a0\u00bb text_font_size=\u00a0\u00bb20px\u00a0\u00bb text_line_height=\u00a0\u00bb1.6em\u00a0\u00bb]Le plastique est partout et peut \u00eatre utilis\u00e9 \u00e0 de [&hellip;]<\/p>\n","protected":false},"author":1,"featured_media":0,"parent":0,"menu_order":0,"comment_status":"closed","ping_status":"closed","template":"","meta":{"_et_pb_use_builder":"on","_et_pb_old_content":"","_et_gb_content_width":"","om_disable_all_campaigns":false,"_uf_show_specific_survey":0,"_uf_disable_surveys":false,"footnotes":""},"class_list":["post-4036","page","type-page","status-publish","hentry"],"aioseo_notices":[],"_links":{"self":[{"href":"https:\/\/resilient-health.ca\/fr\/wp-json\/wp\/v2\/pages\/4036","targetHints":{"allow":["GET"]}}],"collection":[{"href":"https:\/\/resilient-health.ca\/fr\/wp-json\/wp\/v2\/pages"}],"about":[{"href":"https:\/\/resilient-health.ca\/fr\/wp-json\/wp\/v2\/types\/page"}],"author":[{"embeddable":true,"href":"https:\/\/resilient-health.ca\/fr\/wp-json\/wp\/v2\/users\/1"}],"replies":[{"embeddable":true,"href":"https:\/\/resilient-health.ca\/fr\/wp-json\/wp\/v2\/comments?post=4036"}],"version-history":[{"count":9,"href":"https:\/\/resilient-health.ca\/fr\/wp-json\/wp\/v2\/pages\/4036\/revisions"}],"predecessor-version":[{"id":4094,"href":"https:\/\/resilient-health.ca\/fr\/wp-json\/wp\/v2\/pages\/4036\/revisions\/4094"}],"wp:attachment":[{"href":"https:\/\/resilient-health.ca\/fr\/wp-json\/wp\/v2\/media?parent=4036"}],"curies":[{"name":"wp","href":"https:\/\/api.w.org\/{rel}","templated":true}]}}