{"id":4062,"date":"2022-05-13T12:03:36","date_gmt":"2022-05-13T16:03:36","guid":{"rendered":"https:\/\/resilient-health.ca\/les-pesticides\/"},"modified":"2022-05-13T13:24:25","modified_gmt":"2022-05-13T17:24:25","slug":"les-pesticides","status":"publish","type":"page","link":"https:\/\/resilient-health.ca\/fr\/les-pesticides\/","title":{"rendered":"Les pesticides"},"content":{"rendered":"<p>[et_pb_section fb_built=\u00a0\u00bb1&Prime; _builder_version=\u00a0\u00bb4.5.1&Prime; _module_preset=\u00a0\u00bbdefault\u00a0\u00bb custom_margin=\u00a0\u00bb||||true|false\u00a0\u00bb custom_padding=\u00a0\u00bb50px||50px||true|false\u00a0\u00bb][et_pb_row _builder_version=\u00a0\u00bb4.5.4&Prime; _module_preset=\u00a0\u00bbdefault\u00a0\u00bb width=\u00a0\u00bb60%\u00a0\u00bb width_tablet=\u00a0\u00bb\u00a0\u00bb width_phone=\u00a0\u00bb84%\u00a0\u00bb width_last_edited=\u00a0\u00bbon|phone\u00a0\u00bb][et_pb_column type=\u00a0\u00bb4_4&Prime; _builder_version=\u00a0\u00bb4.5.1&Prime; _module_preset=\u00a0\u00bbdefault\u00a0\u00bb][et_pb_text _builder_version=\u00a0\u00bb4.6.5&Prime; _module_preset=\u00a0\u00bbdefault\u00a0\u00bb text_font=\u00a0\u00bb||||||||\u00a0\u00bb text_font_size=\u00a0\u00bb55px\u00a0\u00bb text_line_height=\u00a0\u00bb1.2em\u00a0\u00bb header_text_color=\u00a0\u00bb#7cda24&Prime; header_font_size=\u00a0\u00bb19px\u00a0\u00bb text_orientation=\u00a0\u00bbcenter\u00a0\u00bb custom_padding=\u00a0\u00bb0px|||||\u00a0\u00bb hover_enabled=\u00a0\u00bb0&Prime; sticky_enabled=\u00a0\u00bb0&Prime;]<\/p>\n<h1 class=\"p1\"><a href=\"https:\/\/resilient-health.ca\/fr\/des-habitudes-saines-pour-des-personnes-saines\/\">Des habitudes saines pour<\/a><br \/> <a href=\"https:\/\/resilient-health.ca\/fr\/des-habitudes-saines-pour-des-personnes-saines\/\"> des personnes saines<\/a><\/h1>\n<p class=\"p1\">Les pesticides<\/p>\n<p>[\/et_pb_text][et_pb_divider color=\u00a0\u00bb#7cda24&Prime; divider_weight=\u00a0\u00bb5px\u00a0\u00bb _builder_version=\u00a0\u00bb4.5.1&Prime; _module_preset=\u00a0\u00bbdefault\u00a0\u00bb width=\u00a0\u00bb12%\u00a0\u00bb module_alignment=\u00a0\u00bbcenter\u00a0\u00bb custom_margin=\u00a0\u00bb5px||5px||true|false\u00a0\u00bb][\/et_pb_divider][et_pb_text _builder_version=\u00a0\u00bb4.5.1&Prime; _module_preset=\u00a0\u00bbdefault\u00a0\u00bb text_font_size=\u00a0\u00bb20px\u00a0\u00bb text_line_height=\u00a0\u00bb1.6em\u00a0\u00bb]Le terme \u00ab\u00a0pesticide\u00a0\u00bb d\u00e9signe toute substance qui \u00e9limine ce que nous consid\u00e9rons comme des nuisibles. Il s\u2019agit notamment des herbicides destin\u00e9s \u00e0 tuer les plantes ind\u00e9sirables, des insecticides, des fongicides et des rodenticides. Les pesticides sont con\u00e7us pour \u00e9liminer la vie. Cela peut les rendre toxiques \u00e0 un certain niveau pour l\u2019homme \u00e9galement. Il est donc pr\u00e9f\u00e9rable d\u2019\u00e9viter de les utiliser chaque fois que cela est possible. Il est tr\u00e8s utile de mettre en pratique les mesures pr\u00e9ventives suivantes.<\/p>\n<ul>\n<li>Gardez votre maison propre.<\/li>\n<li>Conservez les aliments dans des r\u00e9cipients en verre ou en fer blanc scell\u00e9s.<\/li>\n<li>Installez des moustiquaires sur vos fen\u00eatres.<\/li>\n<li>Entreposez votre bois de chauffage \u00e0 l\u2019ext\u00e9rieur.<\/li>\n<li>Maintenez votre maison en bon \u00e9tat.<\/li>\n<li>Accrocher un faux nid de frelons sur la maison ou sous la terrasse pour d\u00e9courager les gu\u00eapes et les frelons d\u2019y faire leur nid.<\/li>\n<li>Jardinez selon des m\u00e9thodes biologiques.<\/li>\n<\/ul>\n<p>Cependant, vous devrez parfois composer avec des fourmis, des souris, des mouches \u00e0 fruits ou, \u00e0 l\u2019ext\u00e9rieur, des gu\u00eapes, par exemple. Il existe plusieurs moyens simples et non toxiques de d\u00e9barrasser votre maison de ces nuisibles.<\/p>\n<ul>\n<li>Si vous savez par o\u00f9 les fourmis entrent, saupoudrez du poivre de Cayenne \u00e0 cet endroit. Cela emp\u00eachera les fourmis d\u2019entrer dans votre maison.<\/li>\n<li>Si vous ne savez pas par o\u00f9 les fourmis entrent, d\u00e9posez un petit tas de bicarbonate de soude m\u00e9lang\u00e9 \u00e0 du sucre \u00e0 glacer l\u00e0 o\u00f9 vous avez vu des fourmis. Cela finira par \u00e9liminer les fourmis lorsqu\u2019elles le rapporteront au nid.<\/li>\n<li>Il existe de nombreux pi\u00e8ges \u00e0 fourmis simples que vous pouvez fabriquer en utilisant du vinaigre de cidre ou du vin par exemple. Vous pouvez aussi facilement aspirer les mouches avec une balayeuse.<\/li>\n<\/ul>\n<p>Installez une ligne de pi\u00e8ges \u00e0 ressort ou pour souris vivantes au printemps et \u00e0 l\u2019automne en utilisant du beurre d\u2019arachide comme app\u00e2t.[\/et_pb_text][\/et_pb_column][\/et_pb_row][\/et_pb_section][et_pb_section fb_built=\u00a0\u00bb1&Prime; _builder_version=\u00a0\u00bb4.6.5&Prime; _module_preset=\u00a0\u00bbdefault\u00a0\u00bb background_image=\u00a0\u00bbhttps:\/\/resilient-health.ca\/wp-content\/uploads\/2021\/04\/pesti.jpg\u00a0\u00bb parallax=\u00a0\u00bbon\u00a0\u00bb custom_margin=\u00a0\u00bb0px||0px||true|false\u00a0\u00bb custom_padding=\u00a0\u00bb17px||75px||false|false\u00a0\u00bb][et_pb_row column_structure=\u00a0\u00bb1_2,1_2&Prime; _builder_version=\u00a0\u00bb4.5.1&Prime; _module_preset=\u00a0\u00bbdefault\u00a0\u00bb][et_pb_column type=\u00a0\u00bb1_2&Prime; _builder_version=\u00a0\u00bb4.5.1&Prime; _module_preset=\u00a0\u00bbdefault\u00a0\u00bb][et_pb_text _builder_version=\u00a0\u00bb4.6.5&Prime; _module_preset=\u00a0\u00bbdefault\u00a0\u00bb text_font=\u00a0\u00bb||||||||\u00a0\u00bb text_text_color=\u00a0\u00bb#ffffff\u00a0\u00bb text_font_size=\u00a0\u00bb63px\u00a0\u00bb text_line_height=\u00a0\u00bb1.2em\u00a0\u00bb header_font=\u00a0\u00bb|600||on|||||\u00a0\u00bb header_text_color=\u00a0\u00bb#7cda24&Prime; header_font_size=\u00a0\u00bb20px\u00a0\u00bb text_font_size_tablet=\u00a0\u00bb\u00a0\u00bb text_font_size_phone=\u00a0\u00bb47px\u00a0\u00bb text_font_size_last_edited=\u00a0\u00bbon|phone\u00a0\u00bb]<\/p>\n<h1 class=\"p1\"><\/h1>\n<p><strong><span style=\"color: #303030;\">Pour plus d\u2019information\u00a0:<\/span><\/strong><\/p>\n<p>[\/et_pb_text][et_pb_divider color=\u00a0\u00bb#e02b20&Prime; divider_position=\u00a0\u00bbcenter\u00a0\u00bb divider_weight=\u00a0\u00bb5px\u00a0\u00bb _builder_version=\u00a0\u00bb4.5.1&Prime; _module_preset=\u00a0\u00bbdefault\u00a0\u00bb width=\u00a0\u00bb16%\u00a0\u00bb custom_margin=\u00a0\u00bb-7px||||false|false\u00a0\u00bb][\/et_pb_divider][et_pb_text _builder_version=\u00a0\u00bb4.6.5&Prime; _module_preset=\u00a0\u00bbdefault\u00a0\u00bb text_text_color=\u00a0\u00bb#ffffff\u00a0\u00bb text_font_size=\u00a0\u00bb20px\u00a0\u00bb text_line_height=\u00a0\u00bb1.6em\u00a0\u00bb background_color=\u00a0\u00bbrgba(0,0,0,0.66)\u00a0\u00bb custom_margin=\u00a0\u00bb|282px||||\u00a0\u00bb link_option_url=\u00a0\u00bbhttps:\/\/resilient-health.ca\/fr\/des-habitudes-saines-pour-des-personnes-saines\/\u00a0\u00bb]<\/p>\n<p>\u00a0 Page d&rsquo;accueil<\/p>\n<p>[\/et_pb_text][\/et_pb_column][et_pb_column type=\u00a0\u00bb1_2&Prime; _builder_version=\u00a0\u00bb4.5.1&Prime; _module_preset=\u00a0\u00bbdefault\u00a0\u00bb][et_pb_text _builder_version=\u00a0\u00bb4.6.5&Prime; _module_preset=\u00a0\u00bbdefault\u00a0\u00bb text_text_color=\u00a0\u00bb#ffffff\u00a0\u00bb text_font_size=\u00a0\u00bb18px\u00a0\u00bb text_line_height=\u00a0\u00bb1.6em\u00a0\u00bb header_font=\u00a0\u00bb|600|||||||\u00a0\u00bb header_text_color=\u00a0\u00bb#ffffff\u00a0\u00bb header_line_height=\u00a0\u00bb1.2em\u00a0\u00bb background_color=\u00a0\u00bbrgba(0,0,0,0.66)\u00a0\u00bb custom_margin=\u00a0\u00bb||||false|false\u00a0\u00bb custom_padding=\u00a0\u00bb27px|27px|4px|27px|false|true\u00a0\u00bb hover_enabled=\u00a0\u00bb0&Prime; sticky_enabled=\u00a0\u00bb0&Prime;]<\/p>\n<h1>Pour plus d\u2019information\u00a0:<\/h1>\n<p><a href=\"https:\/\/cape.ca\/campaigns\/pesticides\/\">https:\/\/cape.ca\/campaigns\/pesticides\/<\/a><\/p>\n<p><a href=\"https:\/\/www.healthyenvironmentforkids.ca\/collections\/pesticides\">https:\/\/www.healthyenvironmentforkids.ca\/collections\/pesticides<\/a><\/p>\n<p><a href=\"http:\/\/www.panna.org\/resources\/environmental-impacts\">http:\/\/www.panna.org\/resources\/environmental-impacts<\/a> (en anglais seulement)<\/p>\n<p>&nbsp;<\/p>\n<p>[\/et_pb_text][\/et_pb_column][\/et_pb_row][\/et_pb_section]<\/p>\n","protected":false},"excerpt":{"rendered":"<p>[et_pb_section fb_built=\u00a0\u00bb1&Prime; _builder_version=\u00a0\u00bb4.5.1&Prime; _module_preset=\u00a0\u00bbdefault\u00a0\u00bb custom_margin=\u00a0\u00bb||||true|false\u00a0\u00bb custom_padding=\u00a0\u00bb50px||50px||true|false\u00a0\u00bb][et_pb_row _builder_version=\u00a0\u00bb4.5.4&Prime; _module_preset=\u00a0\u00bbdefault\u00a0\u00bb width=\u00a0\u00bb60%\u00a0\u00bb width_tablet=\u00a0\u00bb\u00a0\u00bb width_phone=\u00a0\u00bb84%\u00a0\u00bb width_last_edited=\u00a0\u00bbon|phone\u00a0\u00bb][et_pb_column type=\u00a0\u00bb4_4&Prime; _builder_version=\u00a0\u00bb4.5.1&Prime; _module_preset=\u00a0\u00bbdefault\u00a0\u00bb][et_pb_text _builder_version=\u00a0\u00bb4.6.5&Prime; _module_preset=\u00a0\u00bbdefault\u00a0\u00bb text_font=\u00a0\u00bb||||||||\u00a0\u00bb text_font_size=\u00a0\u00bb55px\u00a0\u00bb text_line_height=\u00a0\u00bb1.2em\u00a0\u00bb header_text_color=\u00a0\u00bb#7cda24&Prime; header_font_size=\u00a0\u00bb19px\u00a0\u00bb text_orientation=\u00a0\u00bbcenter\u00a0\u00bb custom_padding=\u00a0\u00bb0px|||||\u00a0\u00bb hover_enabled=\u00a0\u00bb0&Prime; sticky_enabled=\u00a0\u00bb0&Prime;] Des habitudes saines pour des personnes saines Les pesticides [\/et_pb_text][et_pb_divider color=\u00a0\u00bb#7cda24&Prime; divider_weight=\u00a0\u00bb5px\u00a0\u00bb _builder_version=\u00a0\u00bb4.5.1&Prime; _module_preset=\u00a0\u00bbdefault\u00a0\u00bb width=\u00a0\u00bb12%\u00a0\u00bb module_alignment=\u00a0\u00bbcenter\u00a0\u00bb custom_margin=\u00a0\u00bb5px||5px||true|false\u00a0\u00bb][\/et_pb_divider][et_pb_text _builder_version=\u00a0\u00bb4.5.1&Prime; _module_preset=\u00a0\u00bbdefault\u00a0\u00bb text_font_size=\u00a0\u00bb20px\u00a0\u00bb text_line_height=\u00a0\u00bb1.6em\u00a0\u00bb]Le terme \u00ab\u00a0pesticide\u00a0\u00bb d\u00e9signe toute substance qui \u00e9limine ce [&hellip;]<\/p>\n","protected":false},"author":1,"featured_media":0,"parent":0,"menu_order":0,"comment_status":"closed","ping_status":"closed","template":"","meta":{"_et_pb_use_builder":"on","_et_pb_old_content":"","_et_gb_content_width":"","om_disable_all_campaigns":false,"_uf_show_specific_survey":0,"_uf_disable_surveys":false,"footnotes":""},"class_list":["post-4062","page","type-page","status-publish","hentry"],"aioseo_notices":[],"_links":{"self":[{"href":"https:\/\/resilient-health.ca\/fr\/wp-json\/wp\/v2\/pages\/4062","targetHints":{"allow":["GET"]}}],"collection":[{"href":"https:\/\/resilient-health.ca\/fr\/wp-json\/wp\/v2\/pages"}],"about":[{"href":"https:\/\/resilient-health.ca\/fr\/wp-json\/wp\/v2\/types\/page"}],"author":[{"embeddable":true,"href":"https:\/\/resilient-health.ca\/fr\/wp-json\/wp\/v2\/users\/1"}],"replies":[{"embeddable":true,"href":"https:\/\/resilient-health.ca\/fr\/wp-json\/wp\/v2\/comments?post=4062"}],"version-history":[{"count":7,"href":"https:\/\/resilient-health.ca\/fr\/wp-json\/wp\/v2\/pages\/4062\/revisions"}],"predecessor-version":[{"id":4087,"href":"https:\/\/resilient-health.ca\/fr\/wp-json\/wp\/v2\/pages\/4062\/revisions\/4087"}],"wp:attachment":[{"href":"https:\/\/resilient-health.ca\/fr\/wp-json\/wp\/v2\/media?parent=4062"}],"curies":[{"name":"wp","href":"https:\/\/api.w.org\/{rel}","templated":true}]}}