{"id":5941,"date":"2023-02-27T10:56:05","date_gmt":"2023-02-27T14:56:05","guid":{"rendered":"https:\/\/resilient-health.ca\/soyez-social\/"},"modified":"2024-03-14T12:12:13","modified_gmt":"2024-03-14T16:12:13","slug":"soyez-social","status":"publish","type":"page","link":"https:\/\/resilient-health.ca\/fr\/soyez-social\/","title":{"rendered":"Soyez social"},"content":{"rendered":"<p>[et_pb_section fb_built=\u00a0\u00bb1&Prime; custom_padding_last_edited=\u00a0\u00bboff|tablet\u00a0\u00bb admin_label=\u00a0\u00bbHeader\u00a0\u00bb _builder_version=\u00a0\u00bb4.10.6&Prime; _module_preset=\u00a0\u00bbdefault\u00a0\u00bb background_image=\u00a0\u00bbhttps:\/\/resilient-health.ca\/wp-content\/uploads\/2022\/12\/high-school_40.png\u00a0\u00bb background_size=\u00a0\u00bbinitial\u00a0\u00bb background_position=\u00a0\u00bbtop_left\u00a0\u00bb background_repeat=\u00a0\u00bbrepeat-x\u00a0\u00bb custom_padding=\u00a0\u00bb100px||0px||false|false\u00a0\u00bb custom_padding_tablet=\u00a0\u00bb100px||||false|false\u00a0\u00bb][et_pb_row _builder_version=\u00a0\u00bb4.10.6&Prime; _module_preset=\u00a0\u00bbdefault\u00a0\u00bb][et_pb_column type=\u00a0\u00bb4_4&Prime; _builder_version=\u00a0\u00bb4.10.6&Prime; _module_preset=\u00a0\u00bbdefault\u00a0\u00bb][et_pb_text _builder_version=\u00a0\u00bb4.6.5&Prime; _module_preset=\u00a0\u00bbe598b17a-9229-42f6-b238-019d6094332e\u00a0\u00bb header_font=\u00a0\u00bbRoboto|500|||||||\u00a0\u00bb header_text_color=\u00a0\u00bb#000000&Prime; header_font_size=\u00a0\u00bb80px\u00a0\u00bb header_line_height=\u00a0\u00bb1.15em\u00a0\u00bb header_font_size_tablet=\u00a0\u00bb40px\u00a0\u00bb header_font_size_phone=\u00a0\u00bb24px\u00a0\u00bb header_font_size_last_edited=\u00a0\u00bbon|desktop\u00a0\u00bb locked=\u00a0\u00bboff\u00a0\u00bb]<\/p>\n<h1 style=\"text-align: center;\"><span>Ressources sociales<\/span><\/h1>\n<p>[\/et_pb_text][\/et_pb_column][\/et_pb_row][\/et_pb_section][et_pb_section fb_built=\u00a0\u00bb1&Prime; custom_padding_last_edited=\u00a0\u00bboff|desktop\u00a0\u00bb admin_label=\u00a0\u00bbResources\u00a0\u00bb _builder_version=\u00a0\u00bb4.10.6&Prime; _module_preset=\u00a0\u00bbdefault\u00a0\u00bb custom_padding=\u00a0\u00bb0px||120px||false|false\u00a0\u00bb custom_padding_tablet=\u00a0\u00bb||100px||false|false\u00a0\u00bb custom_padding_phone=\u00a0\u00bb||60px||false|false\u00a0\u00bb locked=\u00a0\u00bboff\u00a0\u00bb][et_pb_row use_custom_gutter=\u00a0\u00bbon\u00a0\u00bb gutter_width=\u00a0\u00bb1&Prime; make_equal=\u00a0\u00bbon\u00a0\u00bb _builder_version=\u00a0\u00bb4.10.6&Prime; _module_preset=\u00a0\u00bbdefault\u00a0\u00bb custom_padding=\u00a0\u00bb0px||0px||true|false\u00a0\u00bb][et_pb_column type=\u00a0\u00bb4_4&Prime; _builder_version=\u00a0\u00bb4.10.6&Prime; _module_preset=\u00a0\u00bbdefault\u00a0\u00bb background_color=\u00a0\u00bb#F5F0EB\u00a0\u00bb custom_padding=\u00a0\u00bb40px|40px|40px|40px|true|true\u00a0\u00bb custom_padding_tablet=\u00a0\u00bb30px|30px|30px|30px|true|true\u00a0\u00bb custom_padding_phone=\u00a0\u00bb20px|20px|20px|20px|true|true\u00a0\u00bb custom_padding_last_edited=\u00a0\u00bbon|phone\u00a0\u00bb][et_pb_text _builder_version=\u00a0\u00bb4.6.5&Prime; _module_preset=\u00a0\u00bb0c6bc8be-1265-496d-a8dc-bc5e9a9a9edf\u00a0\u00bb header_font=\u00a0\u00bb||||||||\u00a0\u00bb header_3_font=\u00a0\u00bbRoboto|500|||||||\u00a0\u00bb header_3_text_color=\u00a0\u00bb#000000&Prime; header_3_font_size=\u00a0\u00bb30px\u00a0\u00bb header_3_line_height=\u00a0\u00bb1.3em\u00a0\u00bb header_3_font_size_tablet=\u00a0\u00bb20px\u00a0\u00bb header_3_font_size_phone=\u00a0\u00bb16px\u00a0\u00bb header_3_font_size_last_edited=\u00a0\u00bbon|desktop\u00a0\u00bb locked=\u00a0\u00bboff\u00a0\u00bb]<\/p>\n<p style=\"text-align: center;\"><span style=\"color: #000000;\">Nous avons tous les outils dont vous avez besoin pour planifier un \u00e9v\u00e9nement inoubliable pour la Journ\u00e9e de l&rsquo;Air Pur. Notre trousse compl\u00e8te de planification inclut des publications sur les r\u00e9seaux sociaux, des affiches et des feuilles d&rsquo;autocollants que vous pouvez facilement imprimer. Nous avons des id\u00e9es qui inspireront et \u00e9duqueront.<\/span><\/p>\n<p style=\"text-align: center;\"><span style=\"color: #000000;\">\u00c0 l&rsquo;approche de la Journ\u00e9e de l&rsquo;Air Pur 2024 au Canada, exploitez ces ressources bilingues sur les r\u00e9seaux sociaux pour susciter l&rsquo;anticipation et l&rsquo;engagement. Encouragez les abonn\u00e9s \u00e0 partager leurs pratiques respectueuses de l&rsquo;environnement, leurs souvenirs en pleine nature et leurs initiatives locales, cr\u00e9ant ainsi un sentiment d&rsquo;engagement communautaire. Chaque fois que vous publiez, utilisez le hashtag #AirPurPartout pour stimuler la conversation \u00e0 travers le Canada sur la Journ\u00e9e de l&rsquo;Air Pur.<\/span><\/p>\n<p>[\/et_pb_text][et_pb_button button_url=\u00a0\u00bbhttps:\/\/resilient-health.ca\/wp-content\/uploads\/2024\/03\/Fr-CAD.zip\u00a0\u00bb url_new_window=\u00a0\u00bbon\u00a0\u00bb button_text=\u00a0\u00bb T\u00e9l\u00e9chargez ici\u00a0\u00bb button_alignment=\u00a0\u00bbcenter\u00a0\u00bb _builder_version=\u00a0\u00bb4.6.5&Prime; _module_preset=\u00a0\u00bb37d21493-2256-49d8-bf25-1231ea60ac75&Prime; custom_button=\u00a0\u00bbon\u00a0\u00bb button_text_size=\u00a0\u00bb16px\u00a0\u00bb button_text_color=\u00a0\u00bb#000000&Prime; button_bg_color=\u00a0\u00bbRGBA(0,0,0,0)\u00a0\u00bb button_bg_image=\u00a0\u00bbhttps:\/\/resilient-health.ca\/wp-content\/uploads\/2022\/12\/high-school_25.png\u00a0\u00bb button_bg_size=\u00a0\u00bbinitial\u00a0\u00bb button_bg_position=\u00a0\u00bbcenter_left\u00a0\u00bb button_border_width=\u00a0\u00bb0px\u00a0\u00bb button_border_radius=\u00a0\u00bb0px\u00a0\u00bb button_font=\u00a0\u00bbRoboto|700|||||||\u00a0\u00bb custom_margin=\u00a0\u00bb||10px||false|false\u00a0\u00bb custom_padding=\u00a0\u00bb0px|0px|0px|75px|false|false\u00a0\u00bb hover_enabled=\u00a0\u00bb0&Prime; locked=\u00a0\u00bboff\u00a0\u00bb sticky_enabled=\u00a0\u00bb0&Prime;][\/et_pb_button][et_pb_image src=\u00a0\u00bbhttps:\/\/resilient-health.ca\/wp-content\/uploads\/2024\/03\/CAD-Custom-Poster-Frn-1-scaled.jpg\u00a0\u00bb title_text=\u00a0\u00bbCAD Custom Poster Frn 1&Prime; align=\u00a0\u00bbcenter\u00a0\u00bb _builder_version=\u00a0\u00bb4.6.5&Prime; _module_preset=\u00a0\u00bbdefault\u00a0\u00bb][\/et_pb_image][\/et_pb_column][\/et_pb_row][\/et_pb_section][et_pb_section fb_built=\u00a0\u00bb1&Prime; _builder_version=\u00a0\u00bb4.6.5&Prime; _module_preset=\u00a0\u00bbdefault\u00a0\u00bb][\/et_pb_section][et_pb_section fb_built=\u00a0\u00bb1&Prime; admin_label=\u00a0\u00bbFooter\u00a0\u00bb _builder_version=\u00a0\u00bb4.10.6&Prime; _module_preset=\u00a0\u00bbdefault\u00a0\u00bb background_color=\u00a0\u00bb#000000&Prime; custom_margin=\u00a0\u00bb||||false|false\u00a0\u00bb global_module=\u00a0\u00bb5958&Prime; saved_tabs=\u00a0\u00bball\u00a0\u00bb locked=\u00a0\u00bboff\u00a0\u00bb][et_pb_row column_structure=\u00a0\u00bb1_4,1_4,1_4,1_4&Prime; use_custom_gutter=\u00a0\u00bbon\u00a0\u00bb gutter_width=\u00a0\u00bb1&Prime; make_equal=\u00a0\u00bbon\u00a0\u00bb _builder_version=\u00a0\u00bb4.6.5&Prime; _module_preset=\u00a0\u00bbdefault\u00a0\u00bb max_width=\u00a0\u00bb1440px\u00a0\u00bb custom_margin=\u00a0\u00bb-90px||||false|false\u00a0\u00bb custom_padding=\u00a0\u00bb0px||1px||false|false\u00a0\u00bb locked=\u00a0\u00bboff\u00a0\u00bb][et_pb_column type=\u00a0\u00bb1_4&Prime; _builder_version=\u00a0\u00bb4.10.6&Prime; _module_preset=\u00a0\u00bbdefault\u00a0\u00bb background_color=\u00a0\u00bb#F5C966&Prime; background_image=\u00a0\u00bbhttps:\/\/resilient-health.ca\/wp-content\/uploads\/2022\/12\/high-school_17.png\u00a0\u00bb background_size=\u00a0\u00bbinitial\u00a0\u00bb background_position=\u00a0\u00bbtop_right\u00a0\u00bb background_repeat=\u00a0\u00bbrepeat-y\u00a0\u00bb custom_padding=\u00a0\u00bb40px|40px|40px|20px|true|false\u00a0\u00bb custom_padding_tablet=\u00a0\u00bb40px||40px||true|false\u00a0\u00bb custom_padding_phone=\u00a0\u00bb30px|20px|30px|20px|true|true\u00a0\u00bb custom_padding_last_edited=\u00a0\u00bboff|desktop\u00a0\u00bb][et_pb_button button_url=\u00a0\u00bbhttps:\/\/resilient-health.ca\/fr\/a-propos-de-la-journee-de-lair-pur\/\u00a0\u00bb button_text=\u00a0\u00bb \u00c0 propos de la Journ\u00e9e de l&rsquo;air pur\u00a0\u00bb _builder_version=\u00a0\u00bb4.6.5&Prime; _module_preset=\u00a0\u00bba88e4503-106a-4da4-933b-093142544e10&Prime; custom_button=\u00a0\u00bbon\u00a0\u00bb button_text_size=\u00a0\u00bb16px\u00a0\u00bb button_text_color=\u00a0\u00bb#FFFFFF\u00a0\u00bb button_bg_color=\u00a0\u00bbRGBA(0,0,0,0)\u00a0\u00bb button_bg_image=\u00a0\u00bbhttps:\/\/resilient-health.ca\/wp-content\/uploads\/2022\/12\/high-school_26.png\u00a0\u00bb button_bg_size=\u00a0\u00bbinitial\u00a0\u00bb button_bg_position=\u00a0\u00bbcenter_left\u00a0\u00bb button_border_width=\u00a0\u00bb0px\u00a0\u00bb button_border_radius=\u00a0\u00bb0px\u00a0\u00bb button_font=\u00a0\u00bbRoboto|700|||||||\u00a0\u00bb custom_margin=\u00a0\u00bb10px||0px||false|false\u00a0\u00bb custom_padding=\u00a0\u00bb0px|0px|0px|75px|false|false\u00a0\u00bb][\/et_pb_button][\/et_pb_column][et_pb_column type=\u00a0\u00bb1_4&Prime; _builder_version=\u00a0\u00bb4.6.5&Prime; _module_preset=\u00a0\u00bbdefault\u00a0\u00bb background_color=\u00a0\u00bb#1F3FA8&Prime; background_image=\u00a0\u00bbhttps:\/\/resilient-health.ca\/wp-content\/uploads\/2022\/12\/high-school_17.png\u00a0\u00bb background_size=\u00a0\u00bbinitial\u00a0\u00bb background_position=\u00a0\u00bbtop_right\u00a0\u00bb background_repeat=\u00a0\u00bbrepeat-y\u00a0\u00bb custom_padding=\u00a0\u00bb40px|40px|40px|20px|true|false\u00a0\u00bb][et_pb_button button_url=\u00a0\u00bbhttps:\/\/resilient-health.ca\/fr\/soyez-social\/\u00a0\u00bb button_text=\u00a0\u00bb Soyez social\u00a0\u00bb _builder_version=\u00a0\u00bb4.6.5&Prime; _module_preset=\u00a0\u00bba88e4503-106a-4da4-933b-093142544e10&Prime; custom_button=\u00a0\u00bbon\u00a0\u00bb button_text_size=\u00a0\u00bb16px\u00a0\u00bb button_text_color=\u00a0\u00bb#FFFFFF\u00a0\u00bb button_bg_color=\u00a0\u00bbRGBA(0,0,0,0)\u00a0\u00bb button_bg_image=\u00a0\u00bbhttps:\/\/resilient-health.ca\/wp-content\/uploads\/2022\/12\/high-school_26.png\u00a0\u00bb button_bg_size=\u00a0\u00bbinitial\u00a0\u00bb button_bg_position=\u00a0\u00bbcenter_left\u00a0\u00bb button_border_width=\u00a0\u00bb0px\u00a0\u00bb button_border_radius=\u00a0\u00bb0px\u00a0\u00bb button_font=\u00a0\u00bbRoboto|700|||||||\u00a0\u00bb custom_margin=\u00a0\u00bb10px||0px||false|false\u00a0\u00bb custom_padding=\u00a0\u00bb0px|0px|0px|75px|false|false\u00a0\u00bb][\/et_pb_button][\/et_pb_column][et_pb_column type=\u00a0\u00bb1_4&Prime; _builder_version=\u00a0\u00bb4.6.5&Prime; _module_preset=\u00a0\u00bbdefault\u00a0\u00bb background_color=\u00a0\u00bb#F7827E\u00a0\u00bb background_image=\u00a0\u00bbhttps:\/\/resilient-health.ca\/wp-content\/uploads\/2022\/12\/high-school_17.png\u00a0\u00bb background_size=\u00a0\u00bbinitial\u00a0\u00bb background_position=\u00a0\u00bbtop_right\u00a0\u00bb background_repeat=\u00a0\u00bbrepeat-y\u00a0\u00bb custom_padding=\u00a0\u00bb40px|40px|40px|20px|true|false\u00a0\u00bb][et_pb_button button_url=\u00a0\u00bbhttps:\/\/resilient-health.ca\/fr\/journee-de-lair-pur-pour-les-particuliers\/\u00a0\u00bb button_text=\u00a0\u00bb Personnes\u00a0\u00bb _builder_version=\u00a0\u00bb4.6.5&Prime; _module_preset=\u00a0\u00bba88e4503-106a-4da4-933b-093142544e10&Prime; custom_button=\u00a0\u00bbon\u00a0\u00bb button_text_size=\u00a0\u00bb16px\u00a0\u00bb button_text_color=\u00a0\u00bb#FFFFFF\u00a0\u00bb button_bg_color=\u00a0\u00bbRGBA(0,0,0,0)\u00a0\u00bb button_bg_image=\u00a0\u00bbhttps:\/\/resilient-health.ca\/wp-content\/uploads\/2022\/12\/high-school_26.png\u00a0\u00bb button_bg_size=\u00a0\u00bbinitial\u00a0\u00bb button_bg_position=\u00a0\u00bbcenter_left\u00a0\u00bb button_border_width=\u00a0\u00bb0px\u00a0\u00bb button_border_radius=\u00a0\u00bb0px\u00a0\u00bb button_font=\u00a0\u00bbRoboto|700|||||||\u00a0\u00bb custom_margin=\u00a0\u00bb10px||0px||false|false\u00a0\u00bb custom_padding=\u00a0\u00bb0px|0px|0px|75px|false|false\u00a0\u00bb][\/et_pb_button][\/et_pb_column][et_pb_column type=\u00a0\u00bb1_4&Prime; _builder_version=\u00a0\u00bb4.6.5&Prime; _module_preset=\u00a0\u00bbdefault\u00a0\u00bb background_color=\u00a0\u00bbrgba(80,163,196,0.8)\u00a0\u00bb background_image=\u00a0\u00bbhttps:\/\/resilient-health.ca\/wp-content\/uploads\/2022\/12\/high-school_17.png\u00a0\u00bb background_size=\u00a0\u00bbinitial\u00a0\u00bb background_position=\u00a0\u00bbtop_right\u00a0\u00bb background_repeat=\u00a0\u00bbrepeat-y\u00a0\u00bb custom_padding=\u00a0\u00bb40px|40px|40px|20px|true|false\u00a0\u00bb][et_pb_button button_url=\u00a0\u00bbhttps:\/\/resilient-health.ca\/fr\/journee-de-lair-pur-pour-les-communaute\/\u00a0\u00bb button_text=\u00a0\u00bb Municipalit\u00e9s, Villes, Villages\u00a0\u00bb _builder_version=\u00a0\u00bb4.6.5&Prime; _module_preset=\u00a0\u00bba88e4503-106a-4da4-933b-093142544e10&Prime; custom_button=\u00a0\u00bbon\u00a0\u00bb button_text_size=\u00a0\u00bb16px\u00a0\u00bb button_text_color=\u00a0\u00bb#FFFFFF\u00a0\u00bb button_bg_color=\u00a0\u00bbRGBA(0,0,0,0)\u00a0\u00bb button_bg_image=\u00a0\u00bbhttps:\/\/resilient-health.ca\/wp-content\/uploads\/2022\/12\/high-school_26.png\u00a0\u00bb button_bg_size=\u00a0\u00bbinitial\u00a0\u00bb button_bg_position=\u00a0\u00bbcenter_left\u00a0\u00bb button_border_width=\u00a0\u00bb0px\u00a0\u00bb button_border_radius=\u00a0\u00bb0px\u00a0\u00bb button_font=\u00a0\u00bbRoboto|700|||||||\u00a0\u00bb custom_margin=\u00a0\u00bb10px||0px||false|false\u00a0\u00bb custom_padding=\u00a0\u00bb0px|0px|0px|75px|false|false\u00a0\u00bb][\/et_pb_button][\/et_pb_column][\/et_pb_row][et_pb_row column_structure=\u00a0\u00bb1_4,1_4,1_4,1_4&Prime; _builder_version=\u00a0\u00bb4.10.6&Prime; _module_preset=\u00a0\u00bbdefault\u00a0\u00bb][et_pb_column type=\u00a0\u00bb1_4&Prime; _builder_version=\u00a0\u00bb4.10.6&Prime; _module_preset=\u00a0\u00bbdefault\u00a0\u00bb][et_pb_image src=\u00a0\u00bbhttps:\/\/resilient-health.ca\/wp-content\/uploads\/2024\/01\/cad-logo-frn-white-no-date.png\u00a0\u00bb title_text=\u00a0\u00bbcad-logo-frn-white-no-date\u00a0\u00bb _builder_version=\u00a0\u00bb4.6.5&Prime; _module_preset=\u00a0\u00bbdefault\u00a0\u00bb][\/et_pb_image][\/et_pb_column][et_pb_column type=\u00a0\u00bb1_4&Prime; _builder_version=\u00a0\u00bb4.10.6&Prime; _module_preset=\u00a0\u00bbdefault\u00a0\u00bb][et_pb_image src=\u00a0\u00bbhttps:\/\/resilient-health.ca\/wp-content\/uploads\/2023\/02\/MicrosoftTeams-image-17.png\u00a0\u00bb title_text=\u00a0\u00bbMicrosoftTeams-image (17)\u00a0\u00bb _builder_version=\u00a0\u00bb4.6.5&Prime; _module_preset=\u00a0\u00bbdefault\u00a0\u00bb custom_padding=\u00a0\u00bb70px||||false|false\u00a0\u00bb][\/et_pb_image][\/et_pb_column][et_pb_column type=\u00a0\u00bb1_4&Prime; _builder_version=\u00a0\u00bb4.10.6&Prime; _module_preset=\u00a0\u00bbdefault\u00a0\u00bb][et_pb_image src=\u00a0\u00bbhttps:\/\/resilient-health.ca\/wp-content\/uploads\/2023\/03\/nbl-logo-color-white.png\u00a0\u00bb title_text=\u00a0\u00bbnbl-logo-color-white\u00a0\u00bb _builder_version=\u00a0\u00bb4.6.5&Prime; _module_preset=\u00a0\u00bbdefault\u00a0\u00bb custom_margin=\u00a0\u00bb50px||||false|false\u00a0\u00bb][\/et_pb_image][\/et_pb_column][et_pb_column type=\u00a0\u00bb1_4&Prime; _builder_version=\u00a0\u00bb4.10.6&Prime; _module_preset=\u00a0\u00bbdefault\u00a0\u00bb][et_pb_text _builder_version=\u00a0\u00bb4.6.5&Prime; _module_preset=\u00a0\u00bb5c989a74-8649-4b9a-a4a2-6d2b8ae2551c\u00a0\u00bb header_4_font=\u00a0\u00bbRoboto|700||on|||||\u00a0\u00bb header_4_text_color=\u00a0\u00bb#FFFFFF\u00a0\u00bb header_4_font_size=\u00a0\u00bb12px\u00a0\u00bb header_4_letter_spacing=\u00a0\u00bb3px\u00a0\u00bb header_4_line_height=\u00a0\u00bb1.5em\u00a0\u00bb header_5_text_color=\u00a0\u00bb#FFFFFF\u00a0\u00bb custom_margin=\u00a0\u00bb74px||0px||false|false\u00a0\u00bb locked=\u00a0\u00bboff\u00a0\u00bb]<\/p>\n<h4>Bulletin<\/h4>\n<p>[\/et_pb_text][et_pb_button button_url=\u00a0\u00bbhttps:\/\/resilient-health.us17.list-manage.com\/subscribe?u=8873d4463974d29ca98ae186e&#038;id=0de0a183ce\u00a0\u00bb url_new_window=\u00a0\u00bbon\u00a0\u00bb button_text=\u00a0\u00bbClics\u00a0\u00bb _builder_version=\u00a0\u00bb4.6.5&Prime; _module_preset=\u00a0\u00bbdefault\u00a0\u00bb custom_button=\u00a0\u00bbon\u00a0\u00bb button_text_color=\u00a0\u00bb#ffffff\u00a0\u00bb][\/et_pb_button][\/et_pb_column][\/et_pb_row][\/et_pb_section]<\/p>\n","protected":false},"excerpt":{"rendered":"<p>[et_pb_section fb_built=\u00a0\u00bb1&Prime; custom_padding_last_edited=\u00a0\u00bboff|tablet\u00a0\u00bb admin_label=\u00a0\u00bbHeader\u00a0\u00bb _builder_version=\u00a0\u00bb4.10.6&Prime; _module_preset=\u00a0\u00bbdefault\u00a0\u00bb background_image=\u00a0\u00bbhttps:\/\/resilient-health.ca\/wp-content\/uploads\/2022\/12\/high-school_40.png\u00a0\u00bb background_size=\u00a0\u00bbinitial\u00a0\u00bb background_position=\u00a0\u00bbtop_left\u00a0\u00bb background_repeat=\u00a0\u00bbrepeat-x\u00a0\u00bb custom_padding=\u00a0\u00bb100px||0px||false|false\u00a0\u00bb custom_padding_tablet=\u00a0\u00bb100px||||false|false\u00a0\u00bb][et_pb_row _builder_version=\u00a0\u00bb4.10.6&Prime; _module_preset=\u00a0\u00bbdefault\u00a0\u00bb][et_pb_column type=\u00a0\u00bb4_4&Prime; _builder_version=\u00a0\u00bb4.10.6&Prime; _module_preset=\u00a0\u00bbdefault\u00a0\u00bb][et_pb_text _builder_version=\u00a0\u00bb4.6.5&Prime; _module_preset=\u00a0\u00bbe598b17a-9229-42f6-b238-019d6094332e\u00a0\u00bb header_font=\u00a0\u00bbRoboto|500|||||||\u00a0\u00bb header_text_color=\u00a0\u00bb#000000&Prime; header_font_size=\u00a0\u00bb80px\u00a0\u00bb header_line_height=\u00a0\u00bb1.15em\u00a0\u00bb header_font_size_tablet=\u00a0\u00bb40px\u00a0\u00bb header_font_size_phone=\u00a0\u00bb24px\u00a0\u00bb header_font_size_last_edited=\u00a0\u00bbon|desktop\u00a0\u00bb locked=\u00a0\u00bboff\u00a0\u00bb] Ressources sociales [\/et_pb_text][\/et_pb_column][\/et_pb_row][\/et_pb_section][et_pb_section fb_built=\u00a0\u00bb1&Prime; custom_padding_last_edited=\u00a0\u00bboff|desktop\u00a0\u00bb admin_label=\u00a0\u00bbResources\u00a0\u00bb _builder_version=\u00a0\u00bb4.10.6&Prime; _module_preset=\u00a0\u00bbdefault\u00a0\u00bb custom_padding=\u00a0\u00bb0px||120px||false|false\u00a0\u00bb custom_padding_tablet=\u00a0\u00bb||100px||false|false\u00a0\u00bb custom_padding_phone=\u00a0\u00bb||60px||false|false\u00a0\u00bb locked=\u00a0\u00bboff\u00a0\u00bb][et_pb_row use_custom_gutter=\u00a0\u00bbon\u00a0\u00bb gutter_width=\u00a0\u00bb1&Prime; make_equal=\u00a0\u00bbon\u00a0\u00bb _builder_version=\u00a0\u00bb4.10.6&Prime; _module_preset=\u00a0\u00bbdefault\u00a0\u00bb custom_padding=\u00a0\u00bb0px||0px||true|false\u00a0\u00bb][et_pb_column type=\u00a0\u00bb4_4&Prime; _builder_version=\u00a0\u00bb4.10.6&Prime; _module_preset=\u00a0\u00bbdefault\u00a0\u00bb background_color=\u00a0\u00bb#F5F0EB\u00a0\u00bb custom_padding=\u00a0\u00bb40px|40px|40px|40px|true|true\u00a0\u00bb custom_padding_tablet=\u00a0\u00bb30px|30px|30px|30px|true|true\u00a0\u00bb custom_padding_phone=\u00a0\u00bb20px|20px|20px|20px|true|true\u00a0\u00bb custom_padding_last_edited=\u00a0\u00bbon|phone\u00a0\u00bb][et_pb_text _builder_version=\u00a0\u00bb4.6.5&Prime; _module_preset=\u00a0\u00bb0c6bc8be-1265-496d-a8dc-bc5e9a9a9edf\u00a0\u00bb [&hellip;]<\/p>\n","protected":false},"author":1,"featured_media":0,"parent":0,"menu_order":0,"comment_status":"closed","ping_status":"closed","template":"","meta":{"_et_pb_use_builder":"on","_et_pb_old_content":"","_et_gb_content_width":"","om_disable_all_campaigns":false,"_uf_show_specific_survey":0,"_uf_disable_surveys":false,"footnotes":""},"class_list":["post-5941","page","type-page","status-publish","hentry"],"aioseo_notices":[],"_links":{"self":[{"href":"https:\/\/resilient-health.ca\/fr\/wp-json\/wp\/v2\/pages\/5941","targetHints":{"allow":["GET"]}}],"collection":[{"href":"https:\/\/resilient-health.ca\/fr\/wp-json\/wp\/v2\/pages"}],"about":[{"href":"https:\/\/resilient-health.ca\/fr\/wp-json\/wp\/v2\/types\/page"}],"author":[{"embeddable":true,"href":"https:\/\/resilient-health.ca\/fr\/wp-json\/wp\/v2\/users\/1"}],"replies":[{"embeddable":true,"href":"https:\/\/resilient-health.ca\/fr\/wp-json\/wp\/v2\/comments?post=5941"}],"version-history":[{"count":8,"href":"https:\/\/resilient-health.ca\/fr\/wp-json\/wp\/v2\/pages\/5941\/revisions"}],"predecessor-version":[{"id":6809,"href":"https:\/\/resilient-health.ca\/fr\/wp-json\/wp\/v2\/pages\/5941\/revisions\/6809"}],"wp:attachment":[{"href":"https:\/\/resilient-health.ca\/fr\/wp-json\/wp\/v2\/media?parent=5941"}],"curies":[{"name":"wp","href":"https:\/\/api.w.org\/{rel}","templated":true}]}}